{"id":10089,"date":"2020-12-13T16:47:25","date_gmt":"2020-12-13T15:47:25","guid":{"rendered":"https:\/\/irafpa.org\/?page_id=10089"},"modified":"2021-04-24T23:44:38","modified_gmt":"2021-04-24T22:44:38","slug":"livre-le-temps-entre-science-et-creation","status":"publish","type":"page","link":"https:\/\/irafpa.org\/en\/livre-le-temps-entre-science-et-creation\/","title":{"rendered":"Book: Le temps entre science et cr\u00e9ation, M. Bergada\u00e0, 2020"},"content":{"rendered":"<p>[vc_row padding_top=&#8221;25&#8243; padding_bottom=&#8221;25&#8243;][vc_column width=&#8221;1\/2&#8243;][az_single_image image=&#8221;10094&#8243; image_custom_size=&#8221;300&#215;0&#8243; image_link=&#8221;url:https%3A%2F%2Fwww.editions-ems.fr%2Fimages%2Femscatalogue%2Fouvrages%2Fzooms%2Fcouverture_recto_1602227622.jpg|||&#8221;][\/vc_column][vc_column width=&#8221;1\/2&#8243;][vc_column_text]Bergada\u00e0 M. (2020), <em>Le temps entre science et cr\u00e9ation<\/em>, Coll. Les grands auteurs francophones, \u00c9ditions EMS Management et Soci\u00e9t\u00e9, Caen.<\/p>\n<p><a href=\"https:\/\/www.unige.ch\/gsem\/en\/about\/news-events\/news\/2020\/la-collection-les-grands-auteurs-francophones-consacre-un-ouvrage-a-la-prof-honoraire-michelle-bergadaa\/\" target=\"_blank\" rel=\"noopener noreferrer\">Presentation by the University of Geneva<\/a><\/p>\n<div class=\"sommaireIMG\">\n<p><a class=\"jcepopup noicon\" href=\"https:\/\/www.editions-ems.fr\/images\/emscatalogue\/ouvrages\/zooms\/couverture_verso_1602227629.jpg\" target=\"_blank\" rel=\"noopener noreferrer\">Cover page 4<\/a><\/p>\n<p><a href=\"https:\/\/www.editions-ems.fr\/images\/emscatalogue\/ouvrages\/sommaire_som_Temps.pdf\" target=\"_blank\" rel=\"noopener noreferrer\">Summary<\/a><\/p>\n<p><a href=\"https:\/\/www.editions-ems.fr\/images\/emscatalogue\/ouvrages\/extrait_e_Temps.pdf\" target=\"_blank\" rel=\"noopener noreferrer\">Read an extract<\/a><\/p>\n<p>&nbsp;<\/p>\n<p style=\"padding-left: 40px;\"><a href=\"https:\/\/www.editions-ems.fr\/livres-2\/collections\/les-grands-auteurs-francophones\/ouvrage\/597-le-temps-entre-science-et-cr%C3%A9ation.html\" target=\"_blank\" rel=\"noopener noreferrer\">To buy the book<\/a><\/p>\n<\/div>\n<p>[\/vc_column_text][\/vc_column][\/vc_row]<\/p>\n","protected":false},"excerpt":{"rendered":"<p>[vc_row padding_top=&#8221;25&#8243; padding_bottom=&#8221;25&#8243;][vc_column width=&#8221;1\/2&#8243;][az_single_image image=&#8221;10094&#8243; image_custom_size=&#8221;300&#215;0&#8243; image_link=&#8221;url:https%3A%2F%2Fwww.editions-ems.fr%2Fimages%2Femscatalogue%2Fouvrages%2Fzooms%2Fcouverture_recto_1602227622.jpg|||&#8221;][\/vc_column][vc_column width=&#8221;1\/2&#8243;][vc_column_text]Bergada\u00e0 M. (2020), Le temps entre science et cr\u00e9ation, Coll. Les grands auteurs francophones, \u00c9ditions EMS Management et Soci\u00e9t\u00e9, Caen. Presentation by the University of Geneva Cover page 4 Summary Read an extract &nbsp; To buy the book [\/vc_column_text][\/vc_column][\/vc_row]<\/p>\n","protected":false},"author":3,"featured_media":0,"parent":0,"menu_order":8,"comment_status":"closed","ping_status":"closed","template":"","meta":{"footnotes":"","_links_to":"","_links_to_target":""},"class_list":["post-10089","page","type-page","status-publish","hentry"],"_links":{"self":[{"href":"https:\/\/irafpa.org\/en\/wp-json\/wp\/v2\/pages\/10089\/"}],"collection":[{"href":"https:\/\/irafpa.org\/en\/wp-json\/wp\/v2\/pages\/"}],"about":[{"href":"https:\/\/irafpa.org\/en\/wp-json\/wp\/v2\/types\/page\/"}],"author":[{"embeddable":true,"href":"https:\/\/irafpa.org\/en\/wp-json\/wp\/v2\/users\/3\/"}],"replies":[{"embeddable":true,"href":"https:\/\/irafpa.org\/en\/wp-json\/wp\/v2\/comments\/?post=10089"}],"version-history":[{"count":6,"href":"https:\/\/irafpa.org\/en\/wp-json\/wp\/v2\/pages\/10089\/revisions\/"}],"predecessor-version":[{"id":10979,"href":"https:\/\/irafpa.org\/en\/wp-json\/wp\/v2\/pages\/10089\/revisions\/10979\/"}],"wp:attachment":[{"href":"https:\/\/irafpa.org\/en\/wp-json\/wp\/v2\/media\/?parent=10089"}],"curies":[{"name":"wp","href":"https:\/\/api.w.org\/{rel}","templated":true}]}}