{"id":7156,"date":"2017-01-26T17:10:38","date_gmt":"2017-01-26T16:10:38","guid":{"rendered":"https:\/\/responsable-academia.org\/a-propos\/qui-sommes-nous\/"},"modified":"2025-02-06T17:13:13","modified_gmt":"2025-02-06T16:13:13","slug":"who-we-are","status":"publish","type":"page","link":"https:\/\/irafpa.org\/en\/about-us\/who-we-are\/","title":{"rendered":"Who we are"},"content":{"rendered":"<p>[vc_row padding_top=&#8221;25&#8243; padding_bottom=&#8221;25&#8243;][vc_column][vc_column_text][\/vc_column_text][\/vc_column][\/vc_row][vc_row padding_top=&#8221;25&#8243; padding_bottom=&#8221;25&#8243;][vc_column width=&#8221;1\/4&#8243;][az_list_icons icon_visibility=&#8221;yes-icon&#8221; icon=&#8221;az-icon az-icon-link&#8221;]<\/p>\n<ul>\n<li><a href=\"https:\/\/irafpa.org\/en\/communication\/becoming-a-member-of-the-institute-2\/\">Find out how to become a member<\/a><\/li>\n<\/ul>\n<p>[\/az_list_icons][\/vc_column][vc_column width=&#8221;3\/4&#8243;][vc_column_text]The following members of the <strong>Institute of Research and Action on Fraud and Plagiarism in Academia <\/strong>are actively involved in its\u00a0programs and research activities.[\/vc_column_text][\/vc_column][\/vc_row][vc_row padding_top=&#8221;25&#8243; padding_bottom=&#8221;25&#8243;][vc_column][vc_column_text]<\/p>\n<h2>The Chair<\/h2>\n<p>[\/vc_column_text][\/vc_column][\/vc_row][vc_row padding_top=&#8221;25&#8243; padding_bottom=&#8221;25&#8243;][vc_column][vc_column_text]<a href=\"https:\/\/irafpa.org\/wp-content\/uploads\/2024\/01\/CV_MB_eng_31-ao\u00fbt-2023.pdf\" target=\"_blank\" rel=\"noopener noreferrer\"><strong> Michelle Bergada\u00e0<\/strong><\/a><br \/>\nUniversity of Geneva,\u00a0Switzerland[\/vc_column_text][az_list_icons icon_visibility=&#8221;yes-icon&#8221; icon=&#8221;fa fa-check&#8221;]<\/p>\n<h4 style=\"padding-left: 60px;\">The Chair&#8217;s role<\/h4>\n<p style=\"padding-left: 60px;\">To review requests for assistance from individuals and institutions on cases of academic fraud or plagiarism, to determine whether they can be handled by the Institute, and to notify the Board.<br \/>\nTo organize the semiannual meetings of the Board, the Scientific Committee, the Country Advisors and their guests.<br \/>\nTo organize the biannual international colloquium on research and action.<br \/>\nTo supervise and participate in the Institute\u2019s research on integrity and its fight against fraud and plagiarism.<br \/>\nTo approve the Institute\u2019s directives before their publication.<br \/>\nTo distribute \u201cInt\u00e9grit\u00e9 acad\u00e9mique,\u201d the French-language newsletter on academic integrity.<\/p>\n<p>[\/az_list_icons][\/vc_column][\/vc_row][vc_row padding_top=&#8221;25&#8243; padding_bottom=&#8221;25&#8243;][vc_column][vc_column_text]<\/p>\n<h2>The Board<\/h2>\n<p>[\/vc_column_text][\/vc_column][\/vc_row][vc_row padding_top=&#8221;25&#8243; padding_bottom=&#8221;25&#8243;][vc_column][vc_column_text]<strong> <a href=\"https:\/\/irafpa.org\/wp-content\/uploads\/2024\/01\/Bio_Michelle-Bergada\u00e0-20230831_eng.pdf\" target=\"_blank\" rel=\"noopener noreferrer\">Michelle Bergada\u00e0<\/a><br \/>\n<\/strong>Professor, School of Economics and Management, University of Geneva, Switzerland[\/vc_column_text][vc_column_text]<a href=\"https:\/\/irafpa.org\/wp-content\/uploads\/2021\/02\/Bio_Michel-Kalika_20210220_en.pdf\" target=\"_blank\" rel=\"noopener noreferrer\"><strong>Michel Kalika<\/strong><\/a>, in charge of the Certifications \u00abResponsible Institutions\u00bb and \u00ab Doctoral Schools \u00bb<strong><br \/>\n<\/strong>BSIS EFMD-FNEGE Director, Business Science Institute President, Iae Lyon School of Management Emeritus Professor[\/vc_column_text][vc_column_text]<strong><a href=\"https:\/\/irafpa.org\/wp-content\/uploads\/2021\/02\/Bio_Paulo-Peixoto_20210220_eng.pdf\" target=\"_blank\" rel=\"noopener noreferrer\">Paulo Peixoto<\/a><\/strong>, in charge of the \u00ab Recherche-interaction \u00bb and of the \u00ab Colloquium \u00bb<strong><br \/>\n<\/strong>Professor, Centro de Estudos Sociais (CES\/FEUC) Universidade de Coimbra, Portugal[\/vc_column_text][vc_column_text]<strong><a href=\"https:\/\/irafpa.org\/wp-content\/uploads\/2021\/02\/Bio_Marian-Popescu_20210221_en.pdf\" target=\"_blank\" rel=\"noopener noreferrer\">Marian Popescu<\/a><\/strong>, in charge of \u00ab Knowledge Transfer \u00bb<br \/>\nDirector of CARFIA, Romania[\/vc_column_text][az_list_icons icon_visibility=&#8221;yes-icon&#8221; icon=&#8221;fa fa-check&#8221;]<\/p>\n<h4 style=\"padding-left: 90px;\">The Board\u2019s role<\/h4>\n<p style=\"padding-left: 90px;\">To recruit new members, scientific advisors and country representatives.<br \/>\nTo call the ordinary and extraordinary general meetings.<br \/>\nTo take decisions regarding the admission of members, their resignation and, should the need arise, their suspension.<br \/>\nTo ensure that the organization\u2019s charter is upheld, to draft the Institute\u2019s policies and procedures, and to administer the Institute\u2019s property.<br \/>\nTo set up mediation frameworks in accordance with the Institute\u2019s guidelines and notify stakeholders.<br \/>\nTo set up academic complaint procedures in accordance with the Institute\u2019s guidelines and notify stakeholders.<br \/>\nTo define the investigative priorities for the actions to be taken by the Institute against fraud and plagiarism.<\/p>\n<p>[\/az_list_icons][\/vc_column][\/vc_row][vc_row padding_top=&#8221;25&#8243; padding_bottom=&#8221;25&#8243;][vc_column][vc_column_text]<\/p>\n<h2>The IRAFPA Advisers<\/h2>\n<p>[\/vc_column_text][\/vc_column][\/vc_row][vc_row padding_top=&#8221;25&#8243; padding_bottom=&#8221;25&#8243;][vc_column][vc_column_text]<br \/>\n<a href=\"https:\/\/irafpa.org\/wp-content\/uploads\/2024\/09\/Bio_Ludovic-JEANNE_20240827_eng.pdf\" target=\"_blank\" rel=\"noopener noreferrer\"><strong>Ludovic Jeanne<\/strong><\/a><br \/>\n<span style=\"color: #ffffff;\">. .<\/span>Prospective and Society Advisor, Assistant Professor in Geopolitics, and Academic Integrity Officer at EM Normandie, France<br \/>\n<strong><a href=\"https:\/\/irafpa.org\/wp-content\/uploads\/2017\/01\/herve-maisonneuve-fiche.pdf\" target=\"_blank\" rel=\"noopener noreferrer\">Herv\u00e9 Maisonneuve<\/a><br \/>\n<\/strong>\u00a0\u00a0 Adviser for Publishers, Scientific Writing Consultant, former Associate Professor of Public Health, Paris, France<br \/>\n<a href=\"https:\/\/irafpa.org\/wp-content\/uploads\/2024\/09\/Bio_Jean-Moscarola_20240901_fr.pdf\" target=\"_blank\" rel=\"noopener noreferrer\">Jean Moscarola<\/a><br \/>\n<span style=\"color: #ffffff;\">. .<\/span>Adviser for AI, Company Founder, Honorary Chairman of Sphinx, France<br \/>\n<strong><a href=\"https:\/\/irafpa.org\/wp-content\/uploads\/2018\/12\/Jean-Baptiste-Soufron_FR.pdf\" target=\"_blank\" rel=\"noopener noreferrer\">Jean-Baptiste Soufron<\/a><br \/>\n<\/strong>\u00a0\u00a0 Legal Adviser, Lawyer, former Secretary General of the Conseil national du num\u00e9rique (CNNum), Paris, France[\/vc_column_text][vc_column_text][\/vc_column_text][az_list_icons icon_visibility=&#8221;yes-icon&#8221; icon=&#8221;fa fa-check&#8221;]<\/p>\n<h4 style=\"padding-left: 60px;\">The Role of IRAFPA Advisers<\/h4>\n<p style=\"padding-left: 60px;\">To address questions related to their area of expertise.<br \/>\nTo take part in all collective decisions of the Institute.<br \/>\nTo develop and expand on protocols for assessing and taking action against fraud and plagiarism when new cases are submitted for the Institute\u2019s mediation or involvement.<br \/>\nTo contribute to the creation of a collaborative platform for the collection of works so that all parties may learn from them.<br \/>\nTo contribute to the creation of a website to disseminate educational films, research skills training software and online lectures.<br \/>\nTo promote the development of an international reference portal for academic institutions and the publication of articles, books and documents online.<\/p>\n<p>[\/az_list_icons][\/vc_column][\/vc_row][vc_row padding_top=&#8221;25&#8243; padding_bottom=&#8221;25&#8243;][vc_column][vc_column_text]<\/p>\n<h2>The IRAFPA Correspondents<\/h2>\n<p>[\/vc_column_text][\/vc_column][\/vc_row][vc_row padding_top=&#8221;25&#8243; padding_bottom=&#8221;25&#8243;][vc_column][vc_column_text]<\/p>\n<div class=\"az-content-element-wrapper az-text-block az-margin-top-0 az-margin-bottom-0 no-animate-content\">\n<p><strong><a href=\"https:\/\/irafpa.org\/wp-content\/uploads\/2020\/01\/Cinta-Gallent-Torres-.pdf\" target=\"_blank\" rel=\"noopener noreferrer\">Cinta Gallent Torres<\/a><b><span lang=\"FR\">,<\/span><\/b><\/strong> Associate Professor of French Language at the University of Valencia and the International University of Valencia (Spain)<\/p>\n<\/div>\n<div class=\"az-content-element-wrapper az-text-block az-margin-top-0 az-margin-bottom-0 no-animate-content\">\n<p><a href=\"https:\/\/irafpa.org\/wp-content\/uploads\/2021\/02\/Bio_Sanja-Pekovic_20210223_eng.pdf\" target=\"_blank\" rel=\"noopener noreferrer\"><strong>Sanja Pekovi\u0107<\/strong><\/a>, Associate Professor, University of Montenegro<br \/>\nIn charge of disseminating the practices implemented by the &#8220;Responsible Institution&#8221; Certification, and promoting the work of IRAFPA in her geographical area.<\/p>\n<\/div>\n<div class=\"az-content-element-wrapper az-text-block az-margin-top-0 az-margin-bottom-0 no-animate-content\">\n<div class=\"page\" title=\"Page 1\">\n<div class=\"section\">\n<div class=\"layoutArea\">\n<div class=\"column\">\n<p><a href=\"https:\/\/irafpa.org\/wp-content\/uploads\/2022\/08\/Bio_Jacques-Py_20220823_en.pdf\" target=\"_blank\" rel=\"noopener noreferrer\"><strong>Jacques Py<\/strong><\/a>, Full Professor, University of Toulouse, France.<\/p>\n<\/div>\n<\/div>\n<\/div>\n<\/div>\n<\/div>\n<p>[\/vc_column_text][az_list_icons icon_visibility=&#8221;yes-icon&#8221; icon=&#8221;fa fa-check&#8221;]<\/p>\n<h4 style=\"padding-left: 60px;\">The Role of IRAFPA Correspondents<\/h4>\n<p style=\"padding-left: 60px;\">Actively participate in IRAFPA&#8217;s productions (books, videos, symposia, Linkedin posts&#8230;)<br \/>\nTo recruit institutional members from the countries they represent.<br \/>\nTo facilitate understanding and analysis of the practices, regulations and laws in the countries they represent.<br \/>\nTo promote training and provide information on fraud and plagiarism.<br \/>\nTo disseminate a methodological protocol with respect to fraud and plagiarism in universities.<\/p>\n<p>[\/az_list_icons][vc_column_text]<\/p>\n<h2>Communication<\/h2>\n<div class=\"az-main-section-content az-module az-padding-top-25 az-padding-bottom-25 az-section-default no-animate-content az-module-default\">\n<div class=\"container\">\n<div class=\"row row-parent az-gutter-default\">\n<div class=\"single-clms col-md-12 az-main-col-content az-module az-v-space-clm no-animate-content az-module-default\">\n<div class=\"az-col az-clm-padding-0\">\n<div class=\"az-col-cont\">\n<div class=\"az-content-element-wrapper az-text-block az-margin-top-0 az-margin-bottom-0 no-animate-content\">\n<p><strong><a href=\"https:\/\/irafpa.org\/wp-content\/uploads\/2024\/01\/Bio_Catarina-DaCosta_20240109_eng.pdf\" target=\"_blank\" rel=\"noopener noreferrer\">Catarina Da Costa<\/a><br \/>\n<\/strong>Digital Communications Project Manager<\/p>\n<p><strong><a href=\"https:\/\/irafpa.org\/wp-content\/uploads\/2021\/02\/Bio_Philippe-Perakis_20210222_eng.pdf\" target=\"_blank\" rel=\"noopener noreferrer\">Philippe Perakis<\/a><br \/>\n<\/strong>Producer, director &amp; storyteller, BeVisible.swiss<\/p>\n<h2>Contact<\/h2>\n<p>email: <a href=\"mailto:michelle.bergadaa@responsable-academia.org\" target=\"_blank\" rel=\"noopener noreferrer\">michelle.bergadaa@responsable-academia.org<\/a><br \/>\nPhone: + 41 22 798 42 04<br \/>\nPostal address: Institut IRAFPA, c\/o Tal Schibler, DGE Avocats, 6 rue Bartholoni, 1204 Geneva, Switzerland<\/p>\n<p>Website: <a href=\"https:\/\/irafpa.org\" target=\"_blank\" rel=\"noopener noreferrer\">https:\/\/irafpa.org<\/a><br \/>\nLinkedIn: <a href=\"https:\/\/www.linkedin.com\/company\/irafpa\/\" target=\"_blank\" rel=\"noopener noreferrer\">https:\/\/www.linkedin.com\/company\/irafpa\/<\/a><\/p>\n<\/div>\n<\/div>\n<\/div>\n<\/div>\n<\/div>\n<\/div>\n<\/div>\n<p>[\/vc_column_text][vc_column_text][\/vc_column_text][vc_column_text][\/vc_column_text][vc_column_text][\/vc_column_text][vc_column_text][\/vc_column_text][\/vc_column][\/vc_row][vc_row padding_top=&#8221;25&#8243; padding_bottom=&#8221;25&#8243;][vc_column][vc_column_text][\/vc_column_text][\/vc_column][\/vc_row][vc_row padding_top=&#8221;25&#8243; padding_bottom=&#8221;25&#8243;][vc_column width=&#8221;1\/3&#8243;][vc_column_text]<\/p>\n<div class=\"single-clms col-md-4 az-main-col-content az-module az-v-space-clm no-animate-content az-module-default\">\n<div class=\"az-col az-clm-padding-0\">\n<div class=\"az-col-cont\">\n<div class=\"az-content-element-wrapper az-text-block az-margin-top-0 az-margin-bottom-0 no-animate-content\"><\/div>\n<\/div>\n<\/div>\n<\/div>\n<p>[\/vc_column_text][\/vc_column][vc_column width=&#8221;1\/3&#8243;][vc_column_text][\/vc_column_text][\/vc_column][vc_column width=&#8221;1\/3&#8243;][vc_column_text]<\/p>\n<div class=\"single-clms col-md-4 az-main-col-content az-module az-v-space-clm no-animate-content az-module-default\">\n<div class=\"az-col az-clm-padding-0\">\n<div class=\"az-col-cont\">\n<div class=\"az-content-element-wrapper az-text-block az-margin-top-0 az-margin-bottom-0 no-animate-content\"><\/div>\n<\/div>\n<\/div>\n<\/div>\n<p>[\/vc_column_text][\/vc_column][\/vc_row][vc_row][vc_column][vc_column_text][\/vc_column_text][\/vc_column][\/vc_row]<\/p>\n","protected":false},"excerpt":{"rendered":"<p>[vc_row padding_top=&#8221;25&#8243; padding_bottom=&#8221;25&#8243;][vc_column][vc_column_text][\/vc_column_text][\/vc_column][\/vc_row][vc_row padding_top=&#8221;25&#8243; padding_bottom=&#8221;25&#8243;][vc_column width=&#8221;1\/4&#8243;][az_list_icons icon_visibility=&#8221;yes-icon&#8221; icon=&#8221;az-icon az-icon-link&#8221;] Find out how to become a member [\/az_list_icons][\/vc_column][vc_column width=&#8221;3\/4&#8243;][vc_column_text]The following members of the Institute of Research and Action on Fraud and Plagiarism in Academia are actively involved in its\u00a0programs and research activities.[\/vc_column_text][\/vc_column][\/vc_row][vc_row padding_top=&#8221;25&#8243; padding_bottom=&#8221;25&#8243;][vc_column][vc_column_text] The Chair [\/vc_column_text][\/vc_column][\/vc_row][vc_row padding_top=&#8221;25&#8243; padding_bottom=&#8221;25&#8243;][vc_column][vc_column_text] Michelle Bergada\u00e0 University of Geneva,\u00a0Switzerland[\/vc_column_text][az_list_icons icon_visibility=&#8221;yes-icon&#8221; icon=&#8221;fa [&hellip;]<\/p>\n","protected":false},"author":1,"featured_media":0,"parent":7153,"menu_order":1,"comment_status":"closed","ping_status":"closed","template":"","meta":{"footnotes":"","_links_to":"","_links_to_target":""},"class_list":["post-7156","page","type-page","status-publish","hentry"],"_links":{"self":[{"href":"https:\/\/irafpa.org\/en\/wp-json\/wp\/v2\/pages\/7156\/"}],"collection":[{"href":"https:\/\/irafpa.org\/en\/wp-json\/wp\/v2\/pages\/"}],"about":[{"href":"https:\/\/irafpa.org\/en\/wp-json\/wp\/v2\/types\/page\/"}],"author":[{"embeddable":true,"href":"https:\/\/irafpa.org\/en\/wp-json\/wp\/v2\/users\/1\/"}],"replies":[{"embeddable":true,"href":"https:\/\/irafpa.org\/en\/wp-json\/wp\/v2\/comments\/?post=7156"}],"version-history":[{"count":97,"href":"https:\/\/irafpa.org\/en\/wp-json\/wp\/v2\/pages\/7156\/revisions\/"}],"predecessor-version":[{"id":16272,"href":"https:\/\/irafpa.org\/en\/wp-json\/wp\/v2\/pages\/7156\/revisions\/16272\/"}],"up":[{"embeddable":true,"href":"https:\/\/irafpa.org\/en\/wp-json\/wp\/v2\/pages\/7153\/"}],"wp:attachment":[{"href":"https:\/\/irafpa.org\/en\/wp-json\/wp\/v2\/media\/?parent=7156"}],"curies":[{"name":"wp","href":"https:\/\/api.w.org\/{rel}","templated":true}]}}