{"id":7197,"date":"2017-02-01T14:09:23","date_gmt":"2017-02-01T13:09:23","guid":{"rendered":"https:\/\/responsable-academia.org\/remerciements\/"},"modified":"2019-03-30T19:50:53","modified_gmt":"2019-03-30T18:50:53","slug":"acknowledgments","status":"publish","type":"page","link":"https:\/\/irafpa.org\/en\/communication\/acknowledgments\/","title":{"rendered":"Acknowledgments"},"content":{"rendered":"<p>[vc_row padding_top=&#8221;25&#8243; padding_bottom=&#8221;25&#8243;][vc_column][vc_column_text]<\/p>\n<div><strong>This collaborative site would not be possible without the contributions of all the people who, since 2003, have given us their support and shared with us their experiences and analyses. Together we are raising the level of awareness of this phenomenon:<\/strong><\/div>\n<div><strong>\u00a0<\/strong><\/div>\n<div>Jacqueline Aglietta, Fr\u00e9d\u00e9ric Agnes, Th\u00e9r\u00e8se Albertini, Victor Samuel Albis Gonzalez, Brigitt Albrecht-Rohn, Alain Alcouffe, Boualem Aliouat, Linda Allal, Claude Almansi, Filipe Almeida, Lionel Alvarez, Virginie Amilien, Christophe Ancey, Bernard Andenmatten, Antonio Andreoli, Marc Arabyan, Gilles Arnaud, Pierre Arrighi, Michel Aud\u00e9tat, Marc Augier, Philippe Aurier, Margareta Baddeley, Olivier Badot,\u00a0Boubacar Baidari,\u00a0Serge Baile, Souleymane Bald\u00e9, Gabriel Ballif, Marc Banik, Jean-Yves Barbier, Virginie de Barnier, Gr\u00e9gory Barrau, Jacques Barrier, Pierre Bart\u00e9l\u00e9my, Isabelle Barth, Boris Bartikowski, Samuel Bates, Michel Bauer, Denis Bayart, Beno\u00eet Bazoge, Daniel Beauch\u00eane, Charles Becker, Ariane Beldi, Dominique Belin, B\u00e9atrice Bellini, Lazare Benaroyo, Pierre-Jean Benghozi, Jean-Louis Beno\u00eet, Marc Benoun, Nicolas Berland, Michel Berry, Ernesto Berti, Mireille Betrancourt, Gilles Bertrand, Florence Besson, Bernard Beugnot, B\u00e9n\u00e9dicte B\u00e9vi\u00e8re-Boyer, Fran\u00e7ois Bianco, Marc Bidan, Yvan Biefnot, Francois Blanchard, Patrick-Yves Blanchard, Fran\u00e7oise Bloch, Vincent Bloch, Didier Boden, Yves Bodeur, Jean-Pierre Boisivon, Christophe Boisseau, Dominique Bonet, No\u00ebl Bonneuil, Samuel Bottani,\u00a0Fatima Bouabdelli, Dominique Bouchet, Hamid Bouchikhi, Yasmine Boughzala, Christ\u00e8le Boulaire, Jean-Jacques Bourdin, Christian Bourion, Julien Bousquet, Denis Bouyssou, Luc Boyer, Pascal Brassier, Lucie Brazeau Lamontagne, Oliviane Brodin, Patrice Brun, Jean-Jacques Buchon, Alain Bultez, Herv\u00e9 Burdin, J\u00f3zef Bury, Sandrine Cadenat, Isabelle Cadet, Marcel Calvez,\u00a0Vincent Calvez, Estelle Cantillon, Pierre Cao, Paola Capone, Jude Caroll, Marie Carpenter, Philippe Carre, Camille Carrier, Catherine Casamatta, Fabrice Cavarretta, Jean-Jack Cegarra, Mohammed Salah Chabou, Claude Chailan, Jean-Lin Chaix, Ridha Chakroun, Claude Champaud, Jean-Louis Chandon, Olivier Chappuis, Anne Chartier, Jean-Hugues Chauchat, Louis Chauvel, Pierre Chenet, Foued Cheriet, Jacques Chevallier, Marie-Francoise Chevallier-Leguyader, Jean-Marie Choffray, Marie-Andr\u00e9e Chouinard, Andr\u00e9 Ciavaldini, Philippe Cibois, Florence Clarac, Coralie Claude, Marianne Clerc, Francis Cohen, Patrick Cohendet, Olga Collaone, Martine Collart, Philippe Collombert, Aur\u00e9lien Colson, Catherine Coquery-Vidrovitch, C\u00e9leste Cornu, Jacques Cort\u00e8s, Pierre Cossette, Louise C\u00f4t\u00e9, Marcel C\u00f4t\u00e9, Ren\u00e9 C\u00f4t\u00e9, Christelle Cotton, Thomas Coudreau,\u00a0Fran\u00e7ois Courvoisier,\u00a0Catherine Cremieu-Petit, Olivier Crevoisier, Charles Crou\u00e9, Victoria Curzon Price, Massimo Danzi, Eliane Daphy, Etienne Darbellay, Jean-No\u00ebl Darde, Julien Darmon, Denis Darpy, Armand Darrain, Albert David, Pierre-Marie David, Dirk De Hen, Mohsen Debabi, No\u00eblle Deflou-Leca, Cristina Del Biaggio, G\u00e9rald Delabre, St\u00e9phanie Delaunay, H\u00e9l\u00e8ne Delerue, Jacques Delga, Robert Deli\u00e8ge, Piera Dell&#8217;Ambrogio, Daniel Delmas, Fran\u00e7ois Deltour, Diane Demers, Jean-Philippe Denis, Hugues Derycke, Robert Descargues, Beno\u00eet Deveaud,\u00a0Isabelle Dherment, Christian Dianoux, Jacques Digout, Delphine Dion, Christine Dioni, Sabah Djouad, Francoise Dourver, Dominique Drillon, Olivier Droulers, Claude Dubar, Michel Dubois, Pierre Dubois, Pierre-Louis Dubois, Maryse Dubouloy, Georges Henri Ducreux, Pierre-Henri Du\u00e9e, Jean Dufer, Eric Dufour, Florence Dufour, Didier Duguest, Lionel Dupuy, Thomas Durand, Jean-Yves Duyck, Bernard Eck, Nadine Eck, Claire Edey Gamassou, Maurizio Gribaudi,\u00a0Boris Eizykman, Rafael Encinas de Munagorri, Pascal Engel, Denise Esteves, Teresa Estrela, Yves Evrard, Florette Eymenier, Juliet Fall, Gilles Falquet, Jean Ferreux, Eric Fimbel, B\u00e9atrice Fleury, Jean-Paul Flipo, Denise Flury Poffet, Yves Fl\u00fcckiger, Sylvain Foissey, Sylvain Foissez, Daniel Fondan\u00e8che, Laurent Fontowicz, Pierre-Michel Forget, Bernard Forgues, Jean-Jacques Forney, Marc Foucault, H\u00e9l\u00e8ne Frankowska, Jean Frayssinhes, Catherine Fricheau, G\u00e9rard Fri\u00e8s, Olivier Furrer, Beno\u00eet Gailly, Denis Gallet, Paulo Gama, Yves Gambier, Delphine Gassiot Casalas, Hubert Gatignon, Fran\u00e7ois Gaudu, St\u00e9phane Gauvin, Jean Gayon, Christian Genthon, Anselm Gerhard, Denis Gervais, Vincent Gessler, Jean-Luc Giannelloni, Yvonne Giordano, Christian Girault, Mathias Girel, Richard Glauser, \u00c9ric Godelier, Thierry Goguel d\u2019Allondans, Anne Gombault, Pierre-Yves Gomez, Sylvain Gouguenheim, Catherine de Gourcuff, Michel Grandjean, Magali Gravier, Fran\u00e7oise Grize, Dani\u00e8le Grosheny, Pierre Gruson, Isabelle Gudmundsson, Lyvie Gu\u00e9ret-Talon, Gilles J. Guglielmi, Pierre Guibentif, Alice Guilhon du Hellen, Sylvette Guillemard, Christine Guy-Ecabert, Allegre L. Hadida,\u00a0Ratiba Hadj-Moussa,\u00a0St\u00e9phane Haefliger, Ta\u00efeb Hafsi, Elisabeth Haghebaert, Jacques Hallak, Pierre de la Harpe, Neil Harris, Natacha Hausmann, Francois D&#8217;Hauteville, Fran\u00e7oise Havelange, St\u00e9phane H\u00e9as, Thomas Henkel, Maud Herbert, Jane Herv\u00e9, Christian Heslon, Monique Hinard, Isabelle Hippolyte, Martine Hlady Rispal, Michel Hochmann, Genevi\u00e8ve Hoffmann,\u00a0Pierre Hoffmeyer,\u00a0Sylvestre Huet,\u00a0Andr\u00e9 Hurst, Danielle Jacquart, M\u00e9riem Ja\u00efdane, Jean-Marcel Jammet, Jean-Marie Janson, Denis Jeffrey, Andr\u00e9 Joyal, Fran\u00e7ois Julien, Michel Kalika, Emmanuel Kamdem,\u00a0Bengt Kayser,\u00a0Michael Kelly, Susan Key, Odile Khoury, Ruediger Klein, Jean-Michel Knippel, Anne-Ga\u00eblle Knorst, Helene Kontzler, Maxime Koromyslov, Ha\u00efm Korsia, Michel Kostecki, Genevi\u00e8ve Koubi, Dominique Kreziak, Olgierd Kuty, Ines de La Ville, Mohammed Issam Laaroussi, Richard Ladwein, Idriss Lagrini, Maurice Lagueux, Pablo Laguna, Carine Lallemand, Denys Lamontagne, Gabriel Langouet, Denis Lapert, Laurent Lapierre, Gilles Laurent, Fran\u00e7oise Lavocat, Marl\u00e8ne Lavrieux, Ga\u00ebl Le Boulch, Olivier Le Gall, St\u00e9phane Le Lay, Jean Leca, Beno\u00eet Lecat, Aniko Lecoultre, Marie Lefebvre, Jean-Marc Lehu, Patrick Leleu, Anne Lemonde, Alain Lempereur, Fabien Lepoivre, Fr\u00e9d\u00e9ric Leroy, Humbert Lesca, Ga\u00ebl Letranchant, Peter Leuprecht, Claudine Leuthold, Fran\u00e7oise Levaillant, Ren\u00e9 Levy, Georges Lewi, Yves Livian, Michel Lyonnet du Moutier, Catherine Madrid, Alain Maillard, Herv\u00e9 Maisonneuve, No\u00ebl Mallette, Fran\u00e7ois Mangin, Anna-Belle Marand, Marie-France Maranda, Michel Marchesnay, Camille Martin, Claude Martin, Alain Charles Martinet, Silvano Martello, Cindy Masson, Christophe Masutti, H\u00e9l\u00e8ne Maurel-Indart, Isabelle Maurer, Didier Maus, Nonna Mayer, Myriem Mazodier, Ababacar Mbengue, Daisy McAdam, Jean-Pierre M\u00e9an, Med Oimar Mecherri, Jacques Menetrey,\u00a0William Menvielle, Pierre M\u00e9nard, J\u00e9r\u00f4me M\u00e9ric, Dwight M\u00e9runka, Grant Michelson, Karim Mignonac, Patricia Milano, Daniel Moatti, Chantal de Moerloose, C\u00e9cile Moiroud, Jer\u00f4me Monnet, Bernard Montaclair, Franco Morenzoni, Edgar Morin, Sonia Morin, Philippe Mottaz, El Mouhoub Mouhoud, Fran\u00e7ois Moureau, Hassane Mouri, Michel du Moutier, Hans Muehlbacher, Pierre Muller, Claire Multeau, Dejan Munjin, Nabil Mzoughi, Gerald Naro,\u00a0Duc K. Nguyen, Tam Nguyen Phuong, Jean-Jacques Nilles, Jean-Pierre Nioche, Jean-Gabriel Offroy, Lu\u00eds Adriano Oliveira, Norbert Olszak, Ann O&#8217;Neema, Enrique Ortega, Jean-Claude Pacitto, Olivier Parize, Johane Patenaude, Paulo Peixoto, Normand Peladeau, Jean-Eric Pelet, Francine Pellaud, Bruno P\u00e9quignot, Daniel Peraya, Roland Perez, Jean-Jacques\u00a0 Perrenoud,\u00a0Marc de Perrot, Yvon Pesqueux, Martine Peters, Paulo Peixoto,\u00a0Max Peyrard, Daniel Pfenniger, Andr\u00e9as Pfersmann, Emmanuel Picavet, Gilles Pierroux, Suzanne Pinson, Charles Piot, Constantin Piron, Frank Plastria, Yves Ploudre, Suzanne Pontier,\u00a0Marian Popescu,\u00a0Marie-Domitille Porcheron, Enrico Pozzi, Henri Prade, Bernard Pras, Christophe Premat, Thierry Pun, Alain Quemin, Pascale Quester, Didier Raboud, Daniel Racette, Michel Rainelli, Jean-Daniel Rainhorn, Jean-Pierre Raman, Martine Ray-Suillot, Sophie Reboud, Herv\u00e9 Remaud, Luc Renaut, Fran\u00e7oise Rey, Emmanuelle Reynaud, Benny Rigaux-Bricmont, Gilbert Ritschard, Laurence Riviere Ciavaldini, Ludovic Rocchi,\u00a0Pierre Romelaer, Bernard Rordorf, Stephane Rothen, Asa\u00ebl Rouby, C\u00e9line Roudet, Bernard Roullet, Jean-Fran\u00e7ois Roulot, Fatima Roumate, Dominique Roux, Elyette Roux, Jean Roy, Salom\u00e9e Ruel, Fran\u00e7oise Ruz\u00e9, Mich\u00e8le Saboly, Ricardo Saez, Philippe St-Germain, Damien Salles, Anne Santamaria, Pierre-Yves Saunier, Nada Sayarh, Renato Scariati, Ingo Schandeler, Erika Lynn Scheidegger, Tal Schibler, Marc Schiltz, Nicolas Schmitt, Paul Schubert,Patrick Sentis,\u00a0Ana Maria Seixas, Michel S\u00e9rieys, Ridha Mohamed Shabou, Sally Shenton, Brigitte Simonnot, Thierry Sinda, Nils Solari,\u00a0Claudio Soravia,\u00a0Jean-Baptiste Soufron,\u00a0Yves Soulabail, S\u00e9bastien Soulez, David Squire, Daniel Stoecklin, Alain Strazzieri, Peter M. Suter, Patrick Tacussel, Robert Tamilla, Franck Tannery, Michel Tarpin, Aurora Castro Teixeira, Daniel Theisens, Jean-Pierre Th\u00e9pault, Patricia Thiery, Hermano Thiry-Cherques, Julie Tixier,\u00a0Antony Todorov,\u00a0Alain de Toledo, Vinther Torkild, Jean-Marie Toulouse, Mathieu Touzeil-Divina, Giusto Traina, Jean-Marie Tremblay, Laurent Tr\u00e9mel, Yves Trolliet, Pierre Trottier, Didier Truchet, Nicolas Turtschi, Bertrand Urien, Odon Vallet, Christian Vandendorpe, Fran\u00e7ois Vatin, Christine Vaufrey, Etienne Verges, Eva Vicente, B\u00e9n\u00e9dicte Vidaillet, Bernadette Villes, Dominique Vinck, Robert Viseur, Elisabeth Volckrick, Jean-Paul Vulli\u00e9ty, Elisabeth Walliser, Jacques Walter, Bruno Warin, Sarah Weber, Daniel Weiserbs, Alan Williams, Pierre Windal, Martin Wrede, Thierry Yven, Michel Zendali, Said Zergout, Jacques Ziller, Alexandre Zollinger, Monique Zollinger, Nicolas Zufferey.<\/div>\n<p>[\/vc_column_text][\/vc_column][\/vc_row]<\/p>\n","protected":false},"excerpt":{"rendered":"<p>[vc_row padding_top=&#8221;25&#8243; padding_bottom=&#8221;25&#8243;][vc_column][vc_column_text] This collaborative site would not be possible without the contributions of all the people who, since 2003, have given us their support and shared with us their experiences and analyses. Together we are raising the level of awareness of this phenomenon: \u00a0 Jacqueline Aglietta, Fr\u00e9d\u00e9ric Agnes, Th\u00e9r\u00e8se Albertini, Victor Samuel Albis Gonzalez, [&hellip;]<\/p>\n","protected":false},"author":1,"featured_media":0,"parent":7268,"menu_order":4,"comment_status":"closed","ping_status":"closed","template":"","meta":{"footnotes":"","_links_to":"","_links_to_target":""},"class_list":["post-7197","page","type-page","status-publish","hentry"],"_links":{"self":[{"href":"https:\/\/irafpa.org\/en\/wp-json\/wp\/v2\/pages\/7197\/"}],"collection":[{"href":"https:\/\/irafpa.org\/en\/wp-json\/wp\/v2\/pages\/"}],"about":[{"href":"https:\/\/irafpa.org\/en\/wp-json\/wp\/v2\/types\/page\/"}],"author":[{"embeddable":true,"href":"https:\/\/irafpa.org\/en\/wp-json\/wp\/v2\/users\/1\/"}],"replies":[{"embeddable":true,"href":"https:\/\/irafpa.org\/en\/wp-json\/wp\/v2\/comments\/?post=7197"}],"version-history":[{"count":4,"href":"https:\/\/irafpa.org\/en\/wp-json\/wp\/v2\/pages\/7197\/revisions\/"}],"predecessor-version":[{"id":8728,"href":"https:\/\/irafpa.org\/en\/wp-json\/wp\/v2\/pages\/7197\/revisions\/8728\/"}],"up":[{"embeddable":true,"href":"https:\/\/irafpa.org\/en\/wp-json\/wp\/v2\/pages\/7268\/"}],"wp:attachment":[{"href":"https:\/\/irafpa.org\/en\/wp-json\/wp\/v2\/media\/?parent=7197"}],"curies":[{"name":"wp","href":"https:\/\/api.w.org\/{rel}","templated":true}]}}