{"id":7271,"date":"2017-03-08T15:40:27","date_gmt":"2017-03-08T14:40:27","guid":{"rendered":"https:\/\/responsable-academia.org\/communication\/les-blogs-amis\/"},"modified":"2017-05-13T13:53:44","modified_gmt":"2017-05-13T12:53:44","slug":"blogs-of-our-friends","status":"publish","type":"page","link":"https:\/\/irafpa.org\/en\/communication\/blogs-of-our-friends\/","title":{"rendered":"Blogs of our friends"},"content":{"rendered":"<p>[vc_row padding_top=&#8221;25&#8243; padding_bottom=&#8221;25&#8243;][vc_column width=&#8221;1\/4&#8243;][az_single_image image=&#8221;6925&#8243;][\/vc_column][vc_column width=&#8221;3\/4&#8243;][vc_column_text](The English version of this page will be available shortly.)<\/p>\n<h2>PLAGIAT ET FRAUDE SCIENTIFIQUE : LA PERSPECTIVE ACAD\u00c9MIQUE<\/h2>\n<p>&nbsp;<\/p>\n<p><em>La connaissance progresse depuis l&#8217;aube de l&#8217;humanit\u00e9 parce que nous, passeurs de sciences, indiquons nos sources \u00e0 nos successeurs, les incitant \u00e0 y revenir, \u00e0 parcourir \u00e0 nouveau nos raisonnements, \u00e0 imaginer des voies que nous n&#8217;avions pas envisag\u00e9es, \u00e0 cr\u00e9er. Le comportement plagiaire rompt cette cha\u00eene du savoir.<\/em>[\/vc_column_text][\/vc_column][\/vc_row][vc_row padding_top=&#8221;25&#8243; padding_bottom=&#8221;25&#8243;][vc_column][vc_column_text]<\/p>\n<h3><a href=\"http:\/\/responsable.unige.ch\" target=\"_blank\" rel=\"noopener noreferrer\">http:\/\/image2.unige.ch<\/a><\/h3>\n<p>Michelle Bergada\u00e0 s\u2019attache, depuis 2004, \u00e0 d\u00e9mystifier la fraude et le plagiat r\u00e9alis\u00e9s dans le cadre de la mondialisation et de l\u2019exploitation de l\u2019Internet. Traiter ce ph\u00e9nom\u00e8ne exponentiel comme un mal \u00e0 combattre sans en comprendre les raisons profondes lui semblait vain. Ne pas transmettre son savoir-faire, l\u2019aurait \u00e9t\u00e9 tout autant. Apr\u00e8s 70 newsletters qu\u2019ont re\u00e7ues &#8211; et souvent comment\u00e9es &#8211; plus de 25&#8217;500 chercheurs, la marque \u00ab\u00a0Responsable\u00a0\u00bb a \u00e9t\u00e9 c\u00e9d\u00e9e \u00e0 l\u2019Institut IRAFPA. Retrouvez Michelle Bergada\u00e0 sur son blog \u00ab\u00a0Image2\u00a0\u00bb.[\/vc_column_text][\/vc_column][\/vc_row][vc_row padding_top=&#8221;25&#8243; padding_bottom=&#8221;25&#8243;][vc_column][vc_column_text]<img loading=\"lazy\" decoding=\"async\" class=\"alignnone size-full wp-image-6890\" src=\"https:\/\/irafpa.org\/wp-content\/uploads\/2017\/03\/blog-herve-maisonneuve.png\" alt=\"\" width=\"1854\" height=\"218\" srcset=\"https:\/\/irafpa.org\/wp-content\/uploads\/2017\/03\/blog-herve-maisonneuve.png 1854w, https:\/\/irafpa.org\/wp-content\/uploads\/2017\/03\/blog-herve-maisonneuve-300x35.png 300w, https:\/\/irafpa.org\/wp-content\/uploads\/2017\/03\/blog-herve-maisonneuve-768x90.png 768w, https:\/\/irafpa.org\/wp-content\/uploads\/2017\/03\/blog-herve-maisonneuve-1024x120.png 1024w\" sizes=\"auto, (max-width: 1854px) 100vw, 1854px\" \/>[\/vc_column_text][vc_column_text]<\/p>\n<h3>\u00a0<a href=\"http:\/\/www.redactionmedicale.fr\" target=\"_blank\" rel=\"noopener noreferrer\">www.redactionmedicale.fr<\/a><\/h3>\n<p>Ce blog de <a href=\"https:\/\/irafpa.org\/wp-content\/uploads\/2017\/03\/herve-maisonneuve-fiche.pdf\" target=\"_blank\" rel=\"noopener noreferrer\">Herv\u00e9 Maisonneuve<\/a>\u00a0propose depuis 2009 une r\u00e9flexion sur les grandeurs et turpitudes du syst\u00e8me des publications, r\u00e9flexion fond\u00e9e sur une analyse d&#8217;articles scientifiques. Anim\u00e9 par un m\u00e9decin de sant\u00e9 publique, il s&#8217;int\u00e9resse aux revues biom\u00e9dicales, sans oublier quelques tendances observ\u00e9es dans tous les domaines scientifiques.[\/vc_column_text][vc_empty_space height=&#8221;60px&#8221;][vc_separator][\/vc_column][\/vc_row]<\/p>\n","protected":false},"excerpt":{"rendered":"<p>[vc_row padding_top=&#8221;25&#8243; padding_bottom=&#8221;25&#8243;][vc_column width=&#8221;1\/4&#8243;][az_single_image image=&#8221;6925&#8243;][\/vc_column][vc_column width=&#8221;3\/4&#8243;][vc_column_text](The English version of this page will be available shortly.) PLAGIAT ET FRAUDE SCIENTIFIQUE : LA PERSPECTIVE ACAD\u00c9MIQUE &nbsp; La connaissance progresse depuis l&#8217;aube de l&#8217;humanit\u00e9 parce que nous, passeurs de sciences, indiquons nos sources \u00e0 nos successeurs, les incitant \u00e0 y revenir, \u00e0 parcourir \u00e0 nouveau nos raisonnements, \u00e0 [&hellip;]<\/p>\n","protected":false},"author":1,"featured_media":0,"parent":7268,"menu_order":9,"comment_status":"closed","ping_status":"closed","template":"","meta":{"footnotes":"","_links_to":"","_links_to_target":""},"class_list":["post-7271","page","type-page","status-publish","hentry"],"_links":{"self":[{"href":"https:\/\/irafpa.org\/en\/wp-json\/wp\/v2\/pages\/7271\/"}],"collection":[{"href":"https:\/\/irafpa.org\/en\/wp-json\/wp\/v2\/pages\/"}],"about":[{"href":"https:\/\/irafpa.org\/en\/wp-json\/wp\/v2\/types\/page\/"}],"author":[{"embeddable":true,"href":"https:\/\/irafpa.org\/en\/wp-json\/wp\/v2\/users\/1\/"}],"replies":[{"embeddable":true,"href":"https:\/\/irafpa.org\/en\/wp-json\/wp\/v2\/comments\/?post=7271"}],"version-history":[{"count":2,"href":"https:\/\/irafpa.org\/en\/wp-json\/wp\/v2\/pages\/7271\/revisions\/"}],"predecessor-version":[{"id":7273,"href":"https:\/\/irafpa.org\/en\/wp-json\/wp\/v2\/pages\/7271\/revisions\/7273\/"}],"up":[{"embeddable":true,"href":"https:\/\/irafpa.org\/en\/wp-json\/wp\/v2\/pages\/7268\/"}],"wp:attachment":[{"href":"https:\/\/irafpa.org\/en\/wp-json\/wp\/v2\/media\/?parent=7271"}],"curies":[{"name":"wp","href":"https:\/\/api.w.org\/{rel}","templated":true}]}}