{"id":8150,"date":"2018-12-05T18:57:18","date_gmt":"2018-12-05T17:57:18","guid":{"rendered":"https:\/\/responsable-academia.org\/?page_id=8150"},"modified":"2019-05-27T17:56:48","modified_gmt":"2019-05-27T16:56:48","slug":"university-of-corte","status":"publish","type":"page","link":"https:\/\/irafpa.org\/en\/communication\/university-of-corte\/","title":{"rendered":"University of Corte"},"content":{"rendered":"<p>[vc_row padding_top=&#8221;25&#8243; padding_bottom=&#8221;25&#8243;][vc_column][\/vc_column][\/vc_row][vc_row][vc_column][vc_column_text margin_bottom=&#8221;10&#8243;]<\/p>\n<h3>UNIVERSIT\u00c0 DI CORSICA PASQUALE PAOLI<\/h3>\n<p>Contact: Andr\u00e9 GUIDICELLLI, Scientific Integrity Referent| <a href=\"mailto:giudicelli_a@univ-corse.fr\">giudicelli_a@univ-corse.fr<\/a>[\/vc_column_text][az_video video_player=&#8221;iframe_video_embed&#8221; video_iframe_code=&#8221;JTNDaWZyYW1lJTIwaWQlM0QlMjJ5dHBsYXllciUyMiUyMHR5cGUlM0QlMjJ0ZXh0JTJGaHRtbCUyMiUyMHdpZHRoJTNEJTIyNjQwJTIyJTIwaGVpZ2h0JTNEJTIyMzYwJTIyJTBBJTIwJTIwc3JjJTNEJTIyaHR0cHMlM0ElMkYlMkZ3d3cueW91dHViZS5jb20lMkZlbWJlZCUyRkxlWTI4c0NQZFd3JTNGYXV0b3BsYXklM0QwJTI2dnElM0RoZDcyMCUyMiUwQSUyMCUyMGZyYW1lYm9yZGVyJTNEJTIyMCUyMiUzRSUzQyUyRmlmcmFtZSUzRQ==&#8221;][vc_column_text]<\/p>\n<h3 style=\"text-align: center;\">Thursday, November 22, 2018 from 2:00 pm to 4:00 pm<br \/>\n&#8220;Academic plagiarism and fraud: when talking is acting&#8221;<\/h3>\n<p style=\"text-align: left;\">Conference: Michelle Bergada\u00e0\u00e0<br \/>\nConference by Michelle Bergad\u00e0a, Professor at the University of Geneva, &#8220;Academic Plagiarism and Fraud: When Talking is Acting&#8221;<\/p>\n<p style=\"text-align: left;\">The explosion of cases of scientific fraud and plagiarism leads to the conclusion that the academic and legal systems do not offer satisfactory answers. The methods developed in the framework of research and actions carried out over the last fifteen years will be briefly described. The first theme addressed, structuring, will be that of the 10 consequences of plagiarism or fraud so that everyone understands the nature of the problem by abandoning the level of the logic of the cause (plagiarism and therefore sanction). The 2nd theme, dynamic, will show how one becomes plagiarized, or not, and whether this is determined from the doctoral level. The 3rd theme will be that of plagiarists&#8217; profiles in order to no longer generalize behaviours and get out of the binary logic of &#8220;good vs. bad&#8221; scientific, &#8220;guilty vs. victim&#8221;, etc. We will learn to recognize and communicate with the types of offenders, and even avoid and punish them.<\/p>\n<p style=\"text-align: left;\"><strong>Purpose of the conference<\/strong><br \/>\n&#8211; Provide a reading grid for participants to understand how knowledge offenders&#8217; behaviour sets in.<br \/>\n&#8211; Provide examples of the mediations proposed by the IRAFPA Institute to help deal with complex conflict situations in cases involving various actors (doctoral students, professors, administrators, authors, journalists, etc.)<\/p>\n<h3 style=\"text-align: center;\">Friday 23 November 2018 from 09:00 to 12:00<\/h3>\n<h3 style=\"text-align: center;\">&#8220;The Researcher and Plagiarism: Ethical Guidelines and Ethical Framework for Fraud Cases&#8221;<\/h3>\n<p style=\"text-align: left;\">Workshop led by Michelle Bergada\u00e0, Professor at the University of Geneva,<\/p>\n<p style=\"text-align: left;\">Cases of plagiarism in scientific research are important today. The &#8220;publish or perish&#8221; rule, electronic exchanges, online libraries&#8230;, our profession as researchers has been profoundly transformed, and this, in a period of time that has not allowed us to establish stable ethical benchmarks. Every year, in various universities, doctoral theses are cancelled and reputations are destroyed because the authors have been academically negligent in plagiarizing other authors&#8217; writings. In this workshop we will show the ethical markers that should be discussed, established and formalized as a support to the responsible work of the researcher.<\/p>\n<p style=\"text-align: left;\"><strong>Workshop objective<\/strong><br \/>\n&#8211; Provide a clear ethical framework for participants in terms of borrowing, quoting, knowledge building when writing articles and doctoral theses.<br \/>\n&#8211; Provide guidelines to help address complex conflict situations in plagiarism cases involving various actors (doctoral students, professors, administrators, authors, journalists&#8230;)<\/p>\n<p style=\"text-align: left;\"><strong>Methodology<\/strong><br \/>\nPresented on the basis of the work carried out over the past 15 years on the subject, in particular via the IRAFPA Institute&#8217;s website, then worked in subgroups using cases drawn up on the basis of real situations experienced within the IRAFPA Institute.<\/p>\n<p>[\/vc_column_text][\/vc_column][\/vc_row]<\/p>\n","protected":false},"excerpt":{"rendered":"<p>[vc_row padding_top=&#8221;25&#8243; padding_bottom=&#8221;25&#8243;][vc_column][\/vc_column][\/vc_row][vc_row][vc_column][vc_column_text margin_bottom=&#8221;10&#8243;] UNIVERSIT\u00c0 DI CORSICA PASQUALE PAOLI Contact: Andr\u00e9 GUIDICELLLI, Scientific Integrity Referent| giudicelli_a@univ-corse.fr[\/vc_column_text][az_video video_player=&#8221;iframe_video_embed&#8221; video_iframe_code=&#8221;JTNDaWZyYW1lJTIwaWQlM0QlMjJ5dHBsYXllciUyMiUyMHR5cGUlM0QlMjJ0ZXh0JTJGaHRtbCUyMiUyMHdpZHRoJTNEJTIyNjQwJTIyJTIwaGVpZ2h0JTNEJTIyMzYwJTIyJTBBJTIwJTIwc3JjJTNEJTIyaHR0cHMlM0ElMkYlMkZ3d3cueW91dHViZS5jb20lMkZlbWJlZCUyRkxlWTI4c0NQZFd3JTNGYXV0b3BsYXklM0QwJTI2dnElM0RoZDcyMCUyMiUwQSUyMCUyMGZyYW1lYm9yZGVyJTNEJTIyMCUyMiUzRSUzQyUyRmlmcmFtZSUzRQ==&#8221;][vc_column_text] Thursday, November 22, 2018 from 2:00 pm to 4:00 pm &#8220;Academic plagiarism and fraud: when talking is acting&#8221; Conference: Michelle Bergada\u00e0\u00e0 Conference by Michelle Bergad\u00e0a, Professor at the University of Geneva, &#8220;Academic Plagiarism and Fraud: When Talking [&hellip;]<\/p>\n","protected":false},"author":1,"featured_media":0,"parent":7268,"menu_order":77,"comment_status":"closed","ping_status":"closed","template":"","meta":{"footnotes":"","_links_to":"","_links_to_target":""},"class_list":["post-8150","page","type-page","status-publish","hentry"],"_links":{"self":[{"href":"https:\/\/irafpa.org\/en\/wp-json\/wp\/v2\/pages\/8150\/"}],"collection":[{"href":"https:\/\/irafpa.org\/en\/wp-json\/wp\/v2\/pages\/"}],"about":[{"href":"https:\/\/irafpa.org\/en\/wp-json\/wp\/v2\/types\/page\/"}],"author":[{"embeddable":true,"href":"https:\/\/irafpa.org\/en\/wp-json\/wp\/v2\/users\/1\/"}],"replies":[{"embeddable":true,"href":"https:\/\/irafpa.org\/en\/wp-json\/wp\/v2\/comments\/?post=8150"}],"version-history":[{"count":7,"href":"https:\/\/irafpa.org\/en\/wp-json\/wp\/v2\/pages\/8150\/revisions\/"}],"predecessor-version":[{"id":8474,"href":"https:\/\/irafpa.org\/en\/wp-json\/wp\/v2\/pages\/8150\/revisions\/8474\/"}],"up":[{"embeddable":true,"href":"https:\/\/irafpa.org\/en\/wp-json\/wp\/v2\/pages\/7268\/"}],"wp:attachment":[{"href":"https:\/\/irafpa.org\/en\/wp-json\/wp\/v2\/media\/?parent=8150"}],"curies":[{"name":"wp","href":"https:\/\/api.w.org\/{rel}","templated":true}]}}