{"id":8663,"date":"2019-03-21T13:45:54","date_gmt":"2019-03-21T12:45:54","guid":{"rendered":"https:\/\/irafpa.org\/?page_id=8663"},"modified":"2019-05-27T17:56:48","modified_gmt":"2019-05-27T16:56:48","slug":"carfia-bucarest","status":"publish","type":"page","link":"https:\/\/irafpa.org\/en\/interventions\/carfia-bucarest\/","title":{"rendered":"CARFIA &#8211; Bucarest"},"content":{"rendered":"<p>[vc_row][vc_column width=&#8221;1\/3&#8243;][az_single_image image=&#8221;8529&#8243;][\/vc_column][vc_column width=&#8221;1\/3&#8243;][az_single_image image=&#8221;8520&#8243;][\/vc_column][vc_column width=&#8221;1\/3&#8243;][az_single_image image=&#8221;8522&#8243;][\/vc_column][\/vc_row][vc_row padding_top=&#8221;25&#8243; padding_bottom=&#8221;25&#8243;][vc_column][vc_column_text]<\/p>\n<p class=\"tw-data-text tw-ta tw-text-small\" dir=\"ltr\" data-placeholder=\"Traduction\"><span lang=\"fr\">Le <a href=\"https:\/\/carfia.unibuc.ro\/\">Centre d\u2019Assistance, de Ressources et de Formation pour l&#8217;Int\u00e9grit\u00e9<\/a> est int\u00e9gr\u00e9 \u00e0 l\u2019Universit\u00e9 de Bucarest.<\/span><\/p>\n<p>Les 16 et 17 novembre 2018, \u00e0 l&#8217;invitation de l&#8217;Universit\u00e9 de Bucarest, l&#8217;Institut international de recherche et d&#8217;action sur la fraude acad\u00e9mique et le plagiat (IRAFPA), de Gen\u00e8ve, repr\u00e9sent\u00e9 par sa pr\u00e9sidente, les professeurs Michelle Bergada\u00e0, Pierre-Jean Benghozi et Herv\u00e9 Maisonneuve, a donn\u00e9 une conf\u00e9rence de deux jours sur les probl\u00e8mes centraux d&#8217;int\u00e9grit\u00e9 universitaire. La conf\u00e9rence a eu lieu dans la salle de conf\u00e9rence Mihail Kog\u0103lniceanu de l&#8217;Universit\u00e9 de Bucarest et a \u00e9t\u00e9 organis\u00e9e par le Centre d&#8217;actions, de ressources et de formation pour l&#8217;int\u00e9grit\u00e9 acad\u00e9mique (CARFIA) de l&#8217;Universit\u00e9 de Bucarest, coordonn\u00e9e par le professeur Marian Popescu, conseiller pour la Roumanie \u00e0 IRAFPA.<\/p>\n<p>Cette conf\u00e9rence a \u00e9t\u00e9 con\u00e7ue par CARFIA afin de d\u00e9velopper l&#8217;\u00e9change d&#8217;expertise entre les membres de l&#8217;Universit\u00e9 de Bucarest et l&#8217;IRAFPA, et d&#8217;ouvrir le processus de formation pour les conseillers en int\u00e9grit\u00e9 dans l&#8217;environnement acad\u00e9mique de Roumanie et la certification institutionnelle de l&#8217;Universit\u00e9 de Bucarest. Les conf\u00e9rences et les d\u00e9bats de la conf\u00e9rence ont abord\u00e9 les probl\u00e8mes fondamentaux de l&#8217;int\u00e9grit\u00e9 acad\u00e9mique, tant au niveau g\u00e9n\u00e9ral, par des consid\u00e9rations th\u00e9oriques, qu&#8217;au niveau concret, par des \u00e9tudes de cas. Les participants de l&#8217;Universit\u00e9 de Bucarest (personnel acad\u00e9mique, professeurs et \u00e9tudiants) ont fortement appr\u00e9ci\u00e9 et manifest\u00e9 un r\u00e9el int\u00e9r\u00eat pour les sujets discut\u00e9s, reconnaissant ainsi l&#8217;importance de l&#8217;int\u00e9grit\u00e9 acad\u00e9mique pour l&#8217;ensemble du milieu acad\u00e9mique. Tous ces \u00e9l\u00e9ments ont rendu les activit\u00e9s dynamiques et ont donn\u00e9 lieu \u00e0 des d\u00e9bats substantiels et fructueux pour tous les participants.<\/p>\n<p>CARFIA a \u00e9t\u00e9 fond\u00e9e par d\u00e9cision du S\u00e9nat de l&#8217;Universit\u00e9 de Bucarest du 21 f\u00e9vrier 2018 et est directement subordonn\u00e9e au Recteur de l&#8217;Universit\u00e9. Elle est un op\u00e9rateur actif dans la communaut\u00e9 acad\u00e9mique \u00e0 quatre niveaux, \u00e0 savoir : Recherche, ressources, formation et action. L&#8217;objectif principal de CARFIA est d&#8217;\u00e9lever le niveau de sensibilisation et de connaissance des membres de la communaut\u00e9 acad\u00e9mique sur la question de la pr\u00e9vention de la fraude acad\u00e9mique, en d\u00e9veloppant et en mettant en \u0153uvre les pratiques et instruments du domaine de l&#8217;int\u00e9grit\u00e9 acad\u00e9mique au niveau des facult\u00e9s et d\u00e9partements de l&#8217;Universit\u00e9. CARFIA et ses membres appuient et promeuvent, dans le milieu universitaire et dans la sph\u00e8re publique, les valeurs sous-jacentes de l&#8217;int\u00e9grit\u00e9 universitaire : honn\u00eatet\u00e9, correction, respect, confiance, responsabilit\u00e9 et courage.<\/p>\n<p>(La conf\u00e9rence a \u00e9t\u00e9 financ\u00e9e par le projet Qualit\u00e9, int\u00e9grit\u00e9 et transparence CNFIS-FDI-2018-0165)<\/p>\n<h3 style=\"text-align: center;\"><strong>Programme<\/strong>\u00a016-17 November 2018<\/h3>\n<p><strong>Friday 16 November 2018<\/strong><\/p>\n<p>9.30-10.00\u00a0\u00a0\u00a0\u00a0\u00a0\u00a0 Introduction and introduction of participants<\/p>\n<p style=\"padding-left: 30px;\">University of Bucharest welcome speech: vice-rector, prof. Liviu Papadima<br \/>\nOpening speeches for Conference\u2019s sessions: Vice-rectors Lauren\u021biu Leu\u0219tean, Magdalena Platis<\/p>\n<p style=\"padding-left: 30px;\">10.00-10.45:\u00a0Academic Plagiarism and Fraud: The IRAFPA Institute &#8211;\u00a0Speaker: Prof. Michelle Bergada\u00e0, Chair of the IRAFPA<br \/>\n11.00-11.45:\u00a0Commitment of Responsible Bodies &#8211;\u00a0Speaker: Prof. Michelle Bergada\u00e0, Chair of the IRAFPA<br \/>\n13.30-14.00:\u00a0Internal and external communication &#8211;\u00a0Speaker: Prof.Michelle Bergada\u00e0,Chair of the IRAFPA<br \/>\n14.00-14.30:\u00a0Case Study: Master Cop<br \/>\n14.45-15.30:\u00a0What are the challenges of globalization and digitalization? &#8211;\u00a0Speaker:\u00a0 Prof.\u00a0 Pierre-Jean Benghozi, Ecole polytechnique, Paris<br \/>\n15.30-16.15\u00a0:\u00a0Accountable institutions: The certification of \u201cinstitutional referents\u201d of IRAFPA and the development of institutional action plans &#8211;\u00a0Speaker:\u00a0 Prof.\u00a0 Pierre-Jean Benghozi, \u00c9cole polytechnique, Paris<br \/>\n16.15-17.00:\u00a0General discussion -Speaker: Marian Popescu<\/p>\n<p><strong>Saturday 17 November 2018 &#8211;\u00a0<\/strong><strong>Practical implementation<\/strong><\/p>\n<p style=\"padding-left: 30px;\">9.30-10.00:\u00a0Investigative protocol: Evidence files and use of plagiarism detection software &#8211;\u00a0Speakers: Prof. Michelle Bergada\u00e0 and Prof. Pierre-Jean Benghozi<br \/>\n10.00-10.30:\u00a0Set up and conduct commissions of inquiry &#8211;\u00a0Speaker:\u00a0 Prof. Pierre-Jean Benghozi, \u00c9cole polytechnique, Paris<br \/>\n10.30 &#8211; 11.00:\u00a0Publishers and Ethics &#8211;\u00a0Speaker: Herv\u00e9 Maisonneuve<br \/>\n11.15-11.45: General conclusion &#8211;\u00a0Speaker: Marian Popescu<\/p>\n<p><strong>\u00a0<\/strong>[\/vc_column_text][\/vc_column][\/vc_row]<\/p>\n","protected":false},"excerpt":{"rendered":"<p>[vc_row][vc_column width=&#8221;1\/3&#8243;][az_single_image image=&#8221;8529&#8243;][\/vc_column][vc_column width=&#8221;1\/3&#8243;][az_single_image image=&#8221;8520&#8243;][\/vc_column][vc_column width=&#8221;1\/3&#8243;][az_single_image image=&#8221;8522&#8243;][\/vc_column][\/vc_row][vc_row padding_top=&#8221;25&#8243; padding_bottom=&#8221;25&#8243;][vc_column][vc_column_text] Le Centre d\u2019Assistance, de Ressources et de Formation pour l&#8217;Int\u00e9grit\u00e9 est int\u00e9gr\u00e9 \u00e0 l\u2019Universit\u00e9 de Bucarest. Les 16 et 17 novembre 2018, \u00e0 l&#8217;invitation de l&#8217;Universit\u00e9 de Bucarest, l&#8217;Institut international de recherche et d&#8217;action sur la fraude acad\u00e9mique et le plagiat (IRAFPA), de Gen\u00e8ve, repr\u00e9sent\u00e9 par [&hellip;]<\/p>\n","protected":false},"author":1,"featured_media":0,"parent":8126,"menu_order":5,"comment_status":"closed","ping_status":"closed","template":"","meta":{"footnotes":"","_links_to":"","_links_to_target":""},"class_list":["post-8663","page","type-page","status-publish","hentry"],"_links":{"self":[{"href":"https:\/\/irafpa.org\/en\/wp-json\/wp\/v2\/pages\/8663\/"}],"collection":[{"href":"https:\/\/irafpa.org\/en\/wp-json\/wp\/v2\/pages\/"}],"about":[{"href":"https:\/\/irafpa.org\/en\/wp-json\/wp\/v2\/types\/page\/"}],"author":[{"embeddable":true,"href":"https:\/\/irafpa.org\/en\/wp-json\/wp\/v2\/users\/1\/"}],"replies":[{"embeddable":true,"href":"https:\/\/irafpa.org\/en\/wp-json\/wp\/v2\/comments\/?post=8663"}],"version-history":[{"count":1,"href":"https:\/\/irafpa.org\/en\/wp-json\/wp\/v2\/pages\/8663\/revisions\/"}],"predecessor-version":[{"id":8664,"href":"https:\/\/irafpa.org\/en\/wp-json\/wp\/v2\/pages\/8663\/revisions\/8664\/"}],"up":[{"embeddable":true,"href":"https:\/\/irafpa.org\/en\/wp-json\/wp\/v2\/pages\/8126\/"}],"wp:attachment":[{"href":"https:\/\/irafpa.org\/en\/wp-json\/wp\/v2\/media\/?parent=8663"}],"curies":[{"name":"wp","href":"https:\/\/api.w.org\/{rel}","templated":true}]}}