{"id":8844,"date":"2019-05-26T17:26:04","date_gmt":"2019-05-26T16:26:04","guid":{"rendered":"https:\/\/irafpa.org\/interventions\/ehess\/"},"modified":"2019-05-27T17:56:46","modified_gmt":"2019-05-27T16:56:46","slug":"ehess","status":"publish","type":"page","link":"https:\/\/irafpa.org\/en\/interventions\/ehess\/","title":{"rendered":"EHESS"},"content":{"rendered":"<p>[vc_row][vc_column][vc_column_text]<\/p>\n<h3>General Conditions of Publishing in Humanities and Social Sciences (EHESS)<\/h3>\n<h3>Organizer:<\/h3>\n<h3>Etienne Anheim<\/h3>\n<h3>Director of Editions<\/h3>\n<h3>School of High Studies in Social Sciences<\/h3>\n<h3>Schedule: <a href=\"https:\/\/editionshs2019.sciencesconf.org\/resource\/page\/id\/6\" target=\"_blank\" rel=\"noopener\">https:\/\/editionshs2019.sciencesconf.org\/resource\/page\/id\/6<\/a><\/h3>\n<h3>Monday the 17<sup>th<\/sup> June 2019 \u2013 11:30 am \u2013 1 pm : Workshop &#8220;Ethics of publication (integrity, ethics, plagiarism, etc.)&#8221;<\/h3>\n<p>The rapid and important increase in the number of publications in the area of \u200b\u200bSHS and their posting has opened up new issues in the field of scientific ethics. As in the natural sciences, the provision of raw data from research has allowed, in theory, a deeper verification of results by the scientific community, and the tools for cross-checking publications have been developed (automatic tracking software, plagiarism, discussion forums for scientific publications, movements for transparency of data such as TOP guidelines).<\/p>\n<p>However, plagiarism practices are greatly facilitated by online publishing, while the pressure to publish quickly and lowering the publication barrier through self-publishing tools can sometimes lead to deterioration in quality of the scientific and formal work that is already available.<\/p>\n<p>The issue of developing an ethics of publication, that would be shared by publishers, authors and readers (who are now more often in active situation back on what they read and can be mobilized as a community on many levels, as savant, political and economic, is araising in a renewed way.<\/p>\n<p><strong>This workshop will bring together Michelle Bergada\u00e0, V\u00e9ronique Ginouv\u00e8s and Matthieu Noucher.<\/strong><\/p>\n<p><strong>\u00a0<\/strong><\/p>\n<h3>Useful Information\u00a0:<\/h3>\n<p>The event already counts two hundred pre-registered, which is the upper limit allowed by the reception areas. But a waiting list is still opened, because places will probably be vacant by the end of May.<\/p>\n<p>To subscribe to this list, please send an email to e\u00a0<a href=\"mailto:editionshs2019@sciencesconf.org\">editionshs2019@sciencesconf.org<\/a> by precising:<\/p>\n<p>-your name,<\/p>\n<p>-your first name,<\/p>\n<p>-your establishment,<\/p>\n<p>-your function or, if applicable, if you are a self-employed person,<\/p>\n<p>-the round tables and workshops to which you would like to attend.<\/p>\n<p>We will acknowledge the reception of your request and will contact you again to inform you of the possible consideration of your registration.<\/p>\n<p>The participation at the General Estates of Publishing in the Humanities and Social Sciences is entirely free. The registration includes access to the various communications as well as the lunches of the 17<sup>th<\/sup> and the 18<sup>th<\/sup> of June, all expenses being covered by the EHESS. A certificate of participation may be delivered to those who need it for their employer.<\/p>\n<p>For any question: editionshs2019@sciencesconf.org<\/p>\n<p>Pour toute question : <a href=\"mailto:editionshs2019@sciencesconf.org\">editionshs2019@sciencesconf.org<\/a>[\/vc_column_text][\/vc_column][\/vc_row]<\/p>\n","protected":false},"excerpt":{"rendered":"<p>[vc_row][vc_column][vc_column_text] General Conditions of Publishing in Humanities and Social Sciences (EHESS) Organizer: Etienne Anheim Director of Editions School of High Studies in Social Sciences Schedule: https:\/\/editionshs2019.sciencesconf.org\/resource\/page\/id\/6 Monday the 17th June 2019 \u2013 11:30 am \u2013 1 pm : Workshop &#8220;Ethics of publication (integrity, ethics, plagiarism, etc.)&#8221; The rapid and important increase in the number of [&hellip;]<\/p>\n","protected":false},"author":1,"featured_media":0,"parent":8126,"menu_order":9,"comment_status":"closed","ping_status":"closed","template":"","meta":{"footnotes":"","_links_to":"","_links_to_target":""},"class_list":["post-8844","page","type-page","status-publish","hentry"],"_links":{"self":[{"href":"https:\/\/irafpa.org\/en\/wp-json\/wp\/v2\/pages\/8844\/"}],"collection":[{"href":"https:\/\/irafpa.org\/en\/wp-json\/wp\/v2\/pages\/"}],"about":[{"href":"https:\/\/irafpa.org\/en\/wp-json\/wp\/v2\/types\/page\/"}],"author":[{"embeddable":true,"href":"https:\/\/irafpa.org\/en\/wp-json\/wp\/v2\/users\/1\/"}],"replies":[{"embeddable":true,"href":"https:\/\/irafpa.org\/en\/wp-json\/wp\/v2\/comments\/?post=8844"}],"version-history":[{"count":2,"href":"https:\/\/irafpa.org\/en\/wp-json\/wp\/v2\/pages\/8844\/revisions\/"}],"predecessor-version":[{"id":8875,"href":"https:\/\/irafpa.org\/en\/wp-json\/wp\/v2\/pages\/8844\/revisions\/8875\/"}],"up":[{"embeddable":true,"href":"https:\/\/irafpa.org\/en\/wp-json\/wp\/v2\/pages\/8126\/"}],"wp:attachment":[{"href":"https:\/\/irafpa.org\/en\/wp-json\/wp\/v2\/media\/?parent=8844"}],"curies":[{"name":"wp","href":"https:\/\/api.w.org\/{rel}","templated":true}]}}