{"id":9636,"date":"2020-07-08T15:16:40","date_gmt":"2020-07-08T14:16:40","guid":{"rendered":"https:\/\/irafpa.org\/?page_id=9636"},"modified":"2020-07-14T16:48:16","modified_gmt":"2020-07-14T15:48:16","slug":"scientific-committee","status":"publish","type":"page","link":"https:\/\/irafpa.org\/en\/research\/intl-colloquium-2020-coimbra\/scientific-committee\/","title":{"rendered":"Scientific Committee"},"content":{"rendered":"<p>[vc_row padding_top=&#8221;25&#8243; padding_bottom=&#8221;25&#8243;][vc_column][vc_column_text]<\/p>\n<section class=\"az-content\">\n<div class=\"az-main-section-content az-module az-padding-top-25 az-padding-bottom-25 az-section-default no-animate-content az-module-default\">\n<div class=\"container\">\n<div class=\"row row-parent az-gutter-default\">\n<div class=\"single-clms col-md-12 az-main-col-content az-module az-v-space-clm no-animate-content az-module-default\">\n<div class=\"az-col az-clm-padding-0\">\n<div class=\"az-col-cont\">\n<div class=\"az-content-element-wrapper az-text-block az-margin-top-0 az-margin-bottom-0 no-animate-content\">\n<table width=\"635\">\n<tbody>\n<tr>\n<td width=\"87\"><strong>Mrs. or Mr.<\/strong><\/td>\n<td width=\"144\"><strong>Name<\/strong><\/td>\n<td width=\"225\"><strong>Institution<\/strong><\/td>\n<\/tr>\n<tr>\n<td width=\"87\">Mrs.<\/td>\n<td width=\"144\">Cristina ALBUQUERQUE<\/td>\n<td width=\"225\">University of Coimbra, Portugal<\/td>\n<\/tr>\n<tr>\n<td width=\"87\">Mr.<\/td>\n<td width=\"144\">Pierre-Jean BENGHOZI<\/td>\n<td width=\"225\">Ecole polytechnique, Paris, France, University of Geneva, Switzerland<\/td>\n<\/tr>\n<tr>\n<td width=\"87\">Mrs.<\/td>\n<td width=\"144\">Michelle BERGADA\u00c0<\/td>\n<td width=\"225\">Emeritus professor, University of Geneva<br \/>\n<span style=\"font-family: inherit; font-size: inherit;\">President IRAFPA<\/span><\/td>\n<\/tr>\n<tr>\n<td width=\"87\">Mr.<\/td>\n<td width=\"144\">Michel KALIKA<\/td>\n<td width=\"225\">Emeritus professor, Lyon university<br \/>\nDirector BSI,\u00a0Luxembourg<\/td>\n<\/tr>\n<tr>\n<td width=\"87\">Mr.<\/td>\n<td width=\"144\">Pierre HOFFMEYER<\/td>\n<td width=\"225\">Emeritus professor, University of Geneva<\/td>\n<\/tr>\n<tr>\n<td width=\"87\">Mr.<\/td>\n<td width=\"144\">Herv\u00e9 MAISONNEUVE<\/td>\n<td width=\"225\">Int\u00e9grity Referent, University Paris I, Ancien Professeur associ\u00e9 de sant\u00e9 publique, Paris, France<\/td>\n<\/tr>\n<tr>\n<td width=\"87\">Mr.<\/td>\n<td width=\"144\">Paulo PEIXOTO<\/td>\n<td width=\"225\">University of Coimbra, Portugal<\/td>\n<\/tr>\n<tr>\n<td width=\"87\">Mr.<\/td>\n<td width=\"144\">Marian POPESCU<\/td>\n<td width=\"225\">Directeur CARFIA, University of Bucarest,\u00a0Romania<\/td>\n<\/tr>\n<tr>\n<td width=\"87\">Mrs.<\/td>\n<td width=\"144\">Fatima ROUMATE<\/td>\n<td width=\"225\">Universit\u00e9 Mohammed V, Rabat,\u00a0Morocco<\/td>\n<\/tr>\n<\/tbody>\n<\/table>\n<\/div>\n<\/div>\n<\/div>\n<\/div>\n<\/div>\n<\/div>\n<\/div>\n<\/section>\n<p>[\/vc_column_text][\/vc_column][\/vc_row][vc_row padding_top=&#8221;25&#8243; padding_bottom=&#8221;25&#8243;][vc_column][\/vc_column][\/vc_row]<\/p>\n","protected":false},"excerpt":{"rendered":"<p>[vc_row padding_top=&#8221;25&#8243; padding_bottom=&#8221;25&#8243;][vc_column][vc_column_text] Mrs. or Mr. Name Institution Mrs. Cristina ALBUQUERQUE University of Coimbra, Portugal Mr. Pierre-Jean BENGHOZI Ecole polytechnique, Paris, France, University of Geneva, Switzerland Mrs. Michelle BERGADA\u00c0 Emeritus professor, University of Geneva President IRAFPA Mr. Michel KALIKA Emeritus professor, Lyon university Director BSI,\u00a0Luxembourg Mr. Pierre HOFFMEYER Emeritus professor, University of Geneva Mr. Herv\u00e9 [&hellip;]<\/p>\n","protected":false},"author":3,"featured_media":0,"parent":9137,"menu_order":3,"comment_status":"closed","ping_status":"closed","template":"","meta":{"footnotes":"","_links_to":"","_links_to_target":""},"class_list":["post-9636","page","type-page","status-publish","hentry"],"_links":{"self":[{"href":"https:\/\/irafpa.org\/en\/wp-json\/wp\/v2\/pages\/9636\/"}],"collection":[{"href":"https:\/\/irafpa.org\/en\/wp-json\/wp\/v2\/pages\/"}],"about":[{"href":"https:\/\/irafpa.org\/en\/wp-json\/wp\/v2\/types\/page\/"}],"author":[{"embeddable":true,"href":"https:\/\/irafpa.org\/en\/wp-json\/wp\/v2\/users\/3\/"}],"replies":[{"embeddable":true,"href":"https:\/\/irafpa.org\/en\/wp-json\/wp\/v2\/comments\/?post=9636"}],"version-history":[{"count":5,"href":"https:\/\/irafpa.org\/en\/wp-json\/wp\/v2\/pages\/9636\/revisions\/"}],"predecessor-version":[{"id":9686,"href":"https:\/\/irafpa.org\/en\/wp-json\/wp\/v2\/pages\/9636\/revisions\/9686\/"}],"up":[{"embeddable":true,"href":"https:\/\/irafpa.org\/en\/wp-json\/wp\/v2\/pages\/9137\/"}],"wp:attachment":[{"href":"https:\/\/irafpa.org\/en\/wp-json\/wp\/v2\/media\/?parent=9636"}],"curies":[{"name":"wp","href":"https:\/\/api.w.org\/{rel}","templated":true}]}}