{"id":9653,"date":"2020-07-08T15:41:50","date_gmt":"2020-07-08T14:41:50","guid":{"rendered":"https:\/\/irafpa.org\/?page_id=9653"},"modified":"2020-10-27T10:49:04","modified_gmt":"2020-10-27T09:49:04","slug":"sessions-details","status":"publish","type":"page","link":"https:\/\/irafpa.org\/en\/research\/intl-colloquium-2020-coimbra\/sessions-details\/","title":{"rendered":"Sessions details"},"content":{"rendered":"<p>[vc_row padding_top=&#8221;25&#8243; padding_bottom=&#8221;25&#8243;][vc_column][vc_column_text]<\/p>\n<table border=\"0\" width=\"816\" cellspacing=\"0\" cellpadding=\"0\">\n<tbody>\n<tr>\n<td class=\"xl67\" style=\"text-align: center;\" width=\"120\" height=\"19\">\n<h4>Th\u00e9matique<\/h4>\n<\/td>\n<td class=\"xl84\" style=\"text-align: center;\" width=\"348\">\n<h4>Titre de la communication<\/h4>\n<\/td>\n<td class=\"xl85\" style=\"text-align: center;\" width=\"348\">\n<h4>Conf\u00e9renciers<\/h4>\n<\/td>\n<\/tr>\n<tr>\n<td class=\"xl89\" rowspan=\"5\" width=\"120\" height=\"153\"><strong>Session 1<\/strong><br \/>\n<strong>Les pouvoirs r\u00e9ciproques des ordres juridique et\u00a0 acad\u00e9mique<\/strong><br \/>\n<em>vendredi 30 octobre<\/em><br \/>\n<em>11h00 \u2013 13h00<\/em><\/td>\n<td class=\"xl86\" colspan=\"2\">Chairperson: Marian Popescu, Directeur de CARFIA, Universit\u00e9 de Bucarest<\/td>\n<\/tr>\n<tr>\n<td class=\"xl82\" width=\"348\" height=\"31\">1.1 Approches judiciaires fran\u00e7aise et allemande du plagiat dans la recherche, \u00e0 partir de quelques affaires r\u00e9centes<\/td>\n<td class=\"xl65\" width=\"348\">Marie-Avril Roux Steink\u00fchler, Avocate aux barreaux de Paris et Berlin<\/td>\n<\/tr>\n<tr>\n<td class=\"xl82\" width=\"348\" height=\"30\">1.2 Les lenteurs et les incertitudes de la justice<\/td>\n<td class=\"xl65\" width=\"348\">Catherine de Gourcuff, Avocate au barreau de Paris<\/td>\n<\/tr>\n<tr>\n<td class=\"xl82\" width=\"348\" height=\"30\">1.3 Quand l&#8217;actualit\u00e9 des manquements \u00e0 l&#8217;int\u00e9grit\u00e9 devient brulante : quel recours \u00e0 l\u00e9gislation ?<\/td>\n<td class=\"xl65\" width=\"348\">Jean-Baptiste Soufron,\u00a0avocat associ\u00e9, cabinet FWPA Avocats<\/td>\n<\/tr>\n<tr>\n<td class=\"xl83\" width=\"348\" height=\"31\">1.4 L\u2019affaire Kerviel : les le\u00e7ons pour l\u2019acad\u00e9mique<\/td>\n<td class=\"xl77\" width=\"348\">Jean-Philippe Denis,\u00a0 Professeur des universit\u00e9s,<br \/>\nR\u00e9dacteur en chef Revue fran\u00e7aise de gestion<\/td>\n<\/tr>\n<tr>\n<td class=\"xl93\" rowspan=\"5\" width=\"120\" height=\"147\"><strong>Session 2<\/strong><br \/>\n<strong>Former les \u00e9tudiants du sup\u00e9rieur \u00e0 l\u2019int\u00e9grit\u00e9<\/strong><br \/>\n<em>vendredi 30 octobre<\/em><br \/>\n<em>11h00 \u2013 13h00<\/em><\/td>\n<td class=\"xl86\" colspan=\"2\">Chairperson: Jorge Onrubia Pintado, Professeur titulaire, Universit\u00e9 de Castilla-La Mancha<\/td>\n<\/tr>\n<tr>\n<td class=\"xl71\" width=\"348\" height=\"28\">2.1 INTEGRITY &#8211; Empowering students through evidence-based, scaffolded learning of Responsible Conduct in Research<\/td>\n<td class=\"xl65\" width=\"348\">Rita Santos, Anna Olsson, Patrick J. Wall, J\u00falio Borlido Santos, Mari\u00ebtte van den Hoven<\/td>\n<\/tr>\n<tr>\n<td class=\"xl71\" width=\"348\" height=\"30\">2.2 Re-thinking research integrity from a dialogical and reflective approach: the experience of the Unit for Responsible Conduct at i3S<\/td>\n<td class=\"xl65\" width=\"348\">Susana Magalh\u00e3es, Unit For Responsible Conduct in Research, Institute for Research and Innovation in Health (i3S) of the University of Porto<\/td>\n<\/tr>\n<tr>\n<td class=\"xl71\" width=\"348\" height=\"30\">2.3 La integridad acad\u00e9mica en el marco de la educaci\u00f3n superior espa\u00f1ola : un retraso injustificable en los tiempos que corren<\/td>\n<td class=\"xl65\" width=\"348\">Cinta Gallent Torres et Isabel Tello Fons, Universidad Internacional de Valencia (VIU)<\/td>\n<\/tr>\n<tr>\n<td class=\"xl71\" width=\"348\" height=\"31\">2.4 Empowerment with integrity: the path for a balanced education of students<\/td>\n<td class=\"xl69\" width=\"348\">Christoph St\u00fcckelberger, Fondateur et Pr\u00e9sident, Globethics.net, professeur d&#8217;\u00e9thique, Gen\u00e8ve<\/td>\n<\/tr>\n<tr>\n<td class=\"xl96\" rowspan=\"4\" width=\"120\" height=\"122\"><strong>Session 3<\/strong><br \/>\n<strong>Exp\u00e9rience de victimes : leurs attentes en mati\u00e8re d&#8217;int\u00e9grit\u00e9<\/strong><br \/>\n<em>vendredi 30 octobre<\/em><br \/>\n<em>14h30 \u2013 16h00<\/em><\/td>\n<td class=\"xl86\" colspan=\"2\">Chairperson: Paulo Peixoto, Professeur, Facult\u00e9 d&#8217;\u00e9conomie, universit\u00e9 de Coimbra<\/td>\n<\/tr>\n<tr>\n<td class=\"xl71\" width=\"348\" height=\"30\">3.1 \u2018Les id\u00e9es sont libres de parcours\u2019 &#8211; R\u00e9flexions sur la port\u00e9e d\u2019un adage juridique<\/td>\n<td class=\"xl65\" width=\"348\">B\u00e9atrice Durand, Freie Universit\u00e4t (Berlin)<\/td>\n<\/tr>\n<tr>\n<td class=\"xl71\" width=\"348\" height=\"30\">3.2 Analyse du traitement d\u2019un cas de plagiat de th\u00e8se<\/td>\n<td class=\"xl65\" width=\"348\">Barbara \u010curda, Universit\u00e9 de Clermont-Ferrand 2<\/td>\n<\/tr>\n<tr>\n<td class=\"xl79\" width=\"348\" height=\"31\">3.3 S\u2019approprier les racines de l\u2019int\u00e9grit\u00e9<\/td>\n<td class=\"xl66\" width=\"348\">Marian Popescu, Directeur de CARFIA, Universit\u00e9 de Bucarest<\/td>\n<\/tr>\n<tr>\n<td class=\"xl93\" rowspan=\"4\" width=\"120\" height=\"106\"><strong>Session 4<\/strong><br \/>\n<strong>Examens en ligne en toute s\u00e9curit\u00e9<\/strong><br \/>\n<em>vendredi 30 octobre<\/em><br \/>\n<em>14h30 \u2013 16h00<\/em><\/td>\n<td class=\"xl88\" colspan=\"2\">Chairperson: Pierre-Jean Benghozi, Professeur, \u00c9cole Polytechnique (Paris), Universit\u00e9 de Gen\u00e8ve<\/td>\n<\/tr>\n<tr>\n<td class=\"xl71\" width=\"348\" height=\"30\">\u00a04.1 Examens \u00e0 distance : des avertissements cibl\u00e9s peuvent-ils d\u00e9courager la tricherie ?<\/td>\n<td class=\"xl65\" width=\"348\">Marc Humbert, Xavier Lambin, Eric Villard, Grenoble \u00c9cole de Management, France<\/td>\n<\/tr>\n<tr>\n<td class=\"xl71\" width=\"348\" height=\"30\">4.2 E-surveillance pour les e-examens \u00e0 distance \u00e0 l\u2019Universit\u00e9 de Gen\u00e8ve : enjeux technologiques, \u00e9thiques, politiques, organisationnels et p\u00e9dagogiques<\/td>\n<td class=\"xl65\" width=\"348\">Oumaima Ajmi, GSEM, Universit\u00e9 de Gen\u00e8ve<\/td>\n<\/tr>\n<tr>\n<td class=\"xl79\" width=\"348\" height=\"31\">4.3 Les droits et devoirs du contr\u00f4le des examens en ligne<\/td>\n<td class=\"xl66\" width=\"348\">Horea Mihai Badau, Facult\u00e9 de Journalisme et des Sciences de la Communication, Universit\u00e9 de Bucarest, Chercheur Titulaire au Labo SIC. Lab M\u00e9diterran\u00e9e, Nice<\/td>\n<\/tr>\n<tr>\n<td class=\"xl96\" rowspan=\"4\" width=\"120\" height=\"122\"><strong>Session 5<\/strong><br \/>\n<strong>Les technologies au secours de l&#8217;int\u00e9grit\u00e9<\/strong><br \/>\n<em>vendredi 30 octobre<\/em><br \/>\n<em>16h15 \u2013 17h45<\/em><\/td>\n<td class=\"xl86\" colspan=\"2\">Chairperson: Pierre-Jean Benghozi, Professeur, \u00c9cole Polytechnique (Paris), Universit\u00e9 de Gen\u00e8ve<\/td>\n<\/tr>\n<tr>\n<td class=\"xl72\" width=\"348\" height=\"30\">5.1\u00a0Les nouvelles technologie au service de la confidentialit\u00e9 des donn\u00e9es<\/td>\n<td class=\"xl75\" width=\"348\">Andr\u00e9 Camacho, Universit\u00e9 de Gen\u00e8ve<\/td>\n<\/tr>\n<tr>\n<td class=\"xl71\" width=\"348\" height=\"30\">5.2 D\u00e9tection de recouvrements entre les articles soumis et la litt\u00e9rature internationale : l\u2019auto-plagiat constitue-t-il une atteinte \u00e0 l\u2019int\u00e9grit\u00e9 scientifique ?<\/td>\n<td class=\"xl65\" width=\"348\">Jacques Py, Chief Editor of European Review of Applied Psychology, Pr\u00e9sident du Comit\u00e9 d\u2019\u00c9thique de la Recherche, Universit\u00e9 Toulouse Jean Jaur\u00e8s<\/td>\n<\/tr>\n<tr>\n<td class=\"xl79\" width=\"348\" height=\"31\">5.3\u00a0 \u00c9volution des probl\u00e9matiques li\u00e9es au plagiat et des Business Models depuis 15 ans<\/td>\n<td class=\"xl66\" width=\"348\">Fr\u00e9d\u00e9ric Agn\u00e8s, Dirigeant de Compilatio.net<\/td>\n<\/tr>\n<tr>\n<td class=\"xl93\" rowspan=\"4\" width=\"120\" height=\"120\"><strong>Session 6<\/strong><br \/>\n<strong>Implanter une Responsabilit\u00e9 Soci\u00e9tale Acad\u00e9mique dans nos \u00e9tablissements<\/strong><br \/>\n<em>vendredi 30 octobre<\/em><br \/>\n<em>16h15 \u2013 17h45<\/em><\/td>\n<td class=\"xl88\" colspan=\"2\">Chairperson: Michelle Bergada\u00e0, Professeur \u00e9m\u00e9rite, Universit\u00e9 de Gen\u00e8ve<\/td>\n<\/tr>\n<tr>\n<td class=\"xl71\" width=\"348\" height=\"28\">6.1 Academic Integrity -Towards Global Culture Change &amp; Corporate Social Responsibility in Universities<\/td>\n<td class=\"xl65\" width=\"348\">Caroline Hunt-Matthes, Adjunct Professor, Grenoble Graduate School of Business (GGSB), Webster University Geneva<\/td>\n<\/tr>\n<tr>\n<td class=\"xl72\" width=\"348\" height=\"30\">6.2 L\u2019exp\u00e9rience de la certification \u00ab Universit\u00e9 Int\u00e8gre \u00bb<\/td>\n<td class=\"xl75\" width=\"348\">Sanja Pekovic, University of Montenegro<\/td>\n<\/tr>\n<tr>\n<td class=\"xl80\" width=\"348\" height=\"31\">6.3 Le d\u00e9veloppement d\u2019une culture de la conduite responsable en recherche \u00e0 l\u2019Universit\u00e9 de Montr\u00e9al\u00a0: vision, d\u00e9fis et avanc\u00e9es<\/td>\n<td class=\"xl76\" width=\"348\">Virginie Lecourt et Rapha\u00eblle Stenne, Bureau de la conduite responsable en recherche, Universit\u00e9 de Montr\u00e9al<\/td>\n<\/tr>\n<tr>\n<td class=\"xl96\" rowspan=\"4\" width=\"120\" height=\"111\"><strong>Session 7<\/strong><br \/>\n<strong>Le r\u00f4le de l\u2019\u00e9dition dans l\u2019urgence de l\u2019int\u00e9grit\u00e9<\/strong><br \/>\n<em>samedi 31 octobre<\/em><br \/>\n<em>9h00 \u2013 10h30<\/em><\/td>\n<td class=\"xl86\" colspan=\"2\">Chairperson: Jacques Py, Pr\u00e9sident du Comit\u00e9 d\u2019\u00c9thique de la Recherche, Universit\u00e9 Toulouse Jean Jaur\u00e8s<\/td>\n<\/tr>\n<tr>\n<td class=\"xl71\" width=\"348\" height=\"29\">7.1 \u00c9thique et r\u00e9seaux sociaux<\/td>\n<td class=\"xl70\" width=\"348\">Ch\u00e9rifa Boukacem-Zeghmouri, Professeur S.I. et Communication, Universit\u00e9 de Lyon 1<\/td>\n<\/tr>\n<tr>\n<td class=\"xl71\" width=\"348\" height=\"30\">7.2 Peut-on diminuer les standards de publication en p\u00e9riode de pand\u00e9mie ?<\/td>\n<td class=\"xl65\" width=\"348\">Herv\u00e9 Maisonneuve, R\u00e9f\u00e9rent int\u00e9grit\u00e9, Facult\u00e9 de m\u00e9decine, Universit\u00e9 Paris 7<\/td>\n<\/tr>\n<tr>\n<td class=\"xl71\" width=\"348\" height=\"31\">7.3\u00a0Le r\u00f4le des magazines de r\u00e9f\u00e9rence scientifique dans la prise de conscience<\/td>\n<td class=\"xl65\" width=\"348\">Dominique Leglu, directrice des r\u00e9dactions Sciences et Avenir\/La Recherche<\/td>\n<\/tr>\n<tr>\n<td class=\"xl93\" rowspan=\"4\" width=\"120\" height=\"121\"><strong>Session 8 Ateliers<\/strong><br \/>\n<em>samedi 31 octobre<\/em><br \/>\n<em>10:45 \u2013 12:00<\/em><\/td>\n<td class=\"xl81\" width=\"348\">Atelier 1 : M\u00e9diations\/commissions d\u2019enqu\u00eate<\/td>\n<td class=\"xl68\" width=\"348\">Michelle Bergada\u00e0, Pr\u00e9sidente de l&#8217;IRAFPA<\/td>\n<\/tr>\n<tr>\n<td class=\"xl71\" width=\"348\" height=\"30\">Atelier 2 : Dispositifs institutionnels (\u00c9tablissements et \u00c9coles doctorales)<\/td>\n<td class=\"xl69\" width=\"348\">Michel Kalika, BSIS EFMD-FNEGE director, Business Science Institute president, Universit\u00e9 de Lyon School of Management emeritus professor<\/td>\n<\/tr>\n<tr>\n<td class=\"xl71\" width=\"348\" height=\"30\">Atelier 3 : Transfert de connaissances<\/td>\n<td class=\"xl69\" width=\"348\">Marian Popescu, Directeur de CARFIA, Universit\u00e9 de Bucarest<\/td>\n<\/tr>\n<tr>\n<td class=\"xl79\" width=\"348\" height=\"31\">Atelier 4 : Recherche-interaction<\/td>\n<td class=\"xl70\" width=\"348\">Paulo Peixoto, Professeur, Facult\u00e9 d&#8217;\u00e9conomie, Universit\u00e9 de Coimbra<\/td>\n<\/tr>\n<tr>\n<td class=\"xl96\" rowspan=\"8\" width=\"120\" height=\"222\"><strong>Round Table<\/strong><br \/>\n<strong>The Strength of Integrity Dissemination Networks<\/strong><br \/>\n<em>samedi 31 octobre<\/em><br \/>\n<em>14h00 \u2013 15h30<\/em><\/td>\n<td class=\"xl86\" colspan=\"2\">Pr\u00e9sident de session : Michel Kalika, Business Science Institute president, Universit\u00e9 de Lyon School of Management emeritus professor<\/td>\n<\/tr>\n<tr>\n<td class=\"xl72\" width=\"348\" height=\"31\">Swissuniversities: Rectors&#8217; Conference of the Swiss Universities<\/td>\n<td class=\"xl72\" width=\"348\">Patrick Furrer, Scientific Information coordinator<\/td>\n<\/tr>\n<tr>\n<td class=\"xl72\" width=\"348\" height=\"36\">ETICO : plateforme de ressources en ligne de l&#8217;IIPE-UNESCO consacr\u00e9e \u00e0 l\u2019\u00e9thique et \u00e0 la corruption dans l\u2019\u00e9ducation<\/td>\n<td class=\"xl73\" width=\"348\">Muriel Poisson, coordinator<\/td>\n<\/tr>\n<tr>\n<td class=\"xl72\" width=\"348\" height=\"36\">IRAFPA: International Institute for Research and Action on Academic Fraud and Plagiarism<\/td>\n<td class=\"xl73\" width=\"348\">Michelle Bergada\u00e0, President<\/td>\n<\/tr>\n<tr>\n<td class=\"xl72\" width=\"348\" height=\"29\">Globethics.net: A global platform for ETHICS: Empowerment, Transformation, Holistic, Integrity, Competence, Sustainability<\/td>\n<td class=\"xl73\" width=\"348\">Christoph St\u00fcckelberger, Founder and President<\/td>\n<\/tr>\n<tr>\n<td class=\"xl72\" width=\"348\" height=\"31\">AUF : Agence Universitaire de la Francophonie<\/td>\n<td class=\"xl73\" width=\"348\">Cristina Robalo Cordeiro,\u00a0 Directrice du Bureau Maghreb de l&#8217;AUF<\/td>\n<\/tr>\n<tr>\n<td class=\"xl72\" width=\"348\" height=\"18\">LERU: The League of European Research Universities<\/td>\n<td class=\"xl73\" width=\"348\">Laure Ognois, Steering Committee<\/td>\n<\/tr>\n<tr>\n<td class=\"xl78\" width=\"348\" height=\"18\">LARI: Luxembourg Agency for Research Integrity<\/td>\n<td class=\"xl74\" width=\"348\">Katrina Bramsted,\u00a0 Secretary General<\/td>\n<\/tr>\n<\/tbody>\n<\/table>\n<p>[\/vc_column_text][\/vc_column][\/vc_row][vc_row padding_top=&#8221;25&#8243; padding_bottom=&#8221;25&#8243;][vc_column][\/vc_column][\/vc_row]<\/p>\n","protected":false},"excerpt":{"rendered":"<p>[vc_row padding_top=&#8221;25&#8243; padding_bottom=&#8221;25&#8243;][vc_column][vc_column_text] Th\u00e9matique Titre de la communication Conf\u00e9renciers Session 1 Les pouvoirs r\u00e9ciproques des ordres juridique et\u00a0 acad\u00e9mique vendredi 30 octobre 11h00 \u2013 13h00 Chairperson: Marian Popescu, Directeur de CARFIA, Universit\u00e9 de Bucarest 1.1 Approches judiciaires fran\u00e7aise et allemande du plagiat dans la recherche, \u00e0 partir de quelques affaires r\u00e9centes Marie-Avril Roux Steink\u00fchler, Avocate [&hellip;]<\/p>\n","protected":false},"author":3,"featured_media":0,"parent":9137,"menu_order":2,"comment_status":"closed","ping_status":"closed","template":"","meta":{"footnotes":"","_links_to":"","_links_to_target":""},"class_list":["post-9653","page","type-page","status-publish","hentry"],"_links":{"self":[{"href":"https:\/\/irafpa.org\/en\/wp-json\/wp\/v2\/pages\/9653\/"}],"collection":[{"href":"https:\/\/irafpa.org\/en\/wp-json\/wp\/v2\/pages\/"}],"about":[{"href":"https:\/\/irafpa.org\/en\/wp-json\/wp\/v2\/types\/page\/"}],"author":[{"embeddable":true,"href":"https:\/\/irafpa.org\/en\/wp-json\/wp\/v2\/users\/3\/"}],"replies":[{"embeddable":true,"href":"https:\/\/irafpa.org\/en\/wp-json\/wp\/v2\/comments\/?post=9653"}],"version-history":[{"count":18,"href":"https:\/\/irafpa.org\/en\/wp-json\/wp\/v2\/pages\/9653\/revisions\/"}],"predecessor-version":[{"id":9995,"href":"https:\/\/irafpa.org\/en\/wp-json\/wp\/v2\/pages\/9653\/revisions\/9995\/"}],"up":[{"embeddable":true,"href":"https:\/\/irafpa.org\/en\/wp-json\/wp\/v2\/pages\/9137\/"}],"wp:attachment":[{"href":"https:\/\/irafpa.org\/en\/wp-json\/wp\/v2\/media\/?parent=9653"}],"curies":[{"name":"wp","href":"https:\/\/api.w.org\/{rel}","templated":true}]}}